{"id":975,"date":"2026-01-20T17:33:07","date_gmt":"2026-01-20T16:33:07","guid":{"rendered":"https:\/\/victoriagene.es\/?page_id=975"},"modified":"2026-01-20T17:48:44","modified_gmt":"2026-01-20T16:48:44","slug":"accessibility-statement","status":"publish","type":"page","link":"https:\/\/victoriagene.es\/en\/accessibility-statement\/","title":{"rendered":"Accessibility Statement"},"content":{"rendered":"<div data-elementor-type=\"wp-page\" data-elementor-id=\"975\" class=\"elementor elementor-975\" data-elementor-post-type=\"page\">\n\t\t\t\t<div class=\"elementor-element elementor-element-274eb1e e-flex e-con-boxed wpr-jarallax-no e-con e-parent\" data-id=\"274eb1e\" data-element_type=\"container\" data-e-type=\"container\">\n\t\t\t\t\t<div class=\"e-con-inner\">\n\t\t\t\t<div class=\"elementor-element elementor-element-d7eacbe elementor-widget elementor-widget-heading\" data-id=\"d7eacbe\" data-element_type=\"widget\" data-e-type=\"widget\" data-widget_type=\"heading.default\">\n\t\t\t\t\t<h2 class=\"elementor-heading-title elementor-size-default\">Accessibility Statement<\/h2>\t\t\t\t<\/div>\n\t\t\t\t<div class=\"elementor-element elementor-element-a84dd0b elementor-widget elementor-widget-text-editor\" data-id=\"a84dd0b\" data-element_type=\"widget\" data-e-type=\"widget\" data-widget_type=\"text-editor.default\">\n\t\t\t\t\t\t\t\t\t<p>Victoria Gen\u00e9 Gomis has committed to making it accessible\u00a0<a href=\"https:\/\/victoriagene.es\/en\/\" target=\"_blank\" rel=\"noopener\">https:\/\/victoriagene.es\/<\/a>\u00a0in accordance with the\u00a0<a href=\"https:\/\/www.boe.es\/buscar\/act.php?id=BOE-A-2018-12699\" target=\"_blank\" rel=\"noopener noreferrer nofollow\">Royal Decree 1112\/2018, of September 7, on the accessibility of websites and mobile applications of the public sector<\/a>.<\/p><p>This accessibility statement applies to the website <a href=\"https:\/\/victoriagene.es\/en\/\">https:\/\/victoriagene.es\/<\/a><\/p><p>This website is fully compliant with\u00a0<strong>RD 1112\/2018<\/strong>.<\/p><p><small>This statement was prepared on January 20, 2026.<\/small><\/p><p><small>The method used to prepare the declaration was a self-assessment carried out by the organization itself.<\/small><\/p>\t\t\t\t\t\t\t\t<\/div>\n\t\t\t\t\t<\/div>\n\t\t\t\t<\/div>\n\t\t\t\t<\/div>","protected":false},"excerpt":{"rendered":"<p>Accessibility Statement Victoria Gen\u00e9 Gomis is committed to making https:\/\/victoriagene.es\/ accessible in accordance with Royal Decree 1112\/2018, of September 7, on the accessibility of websites and mobile applications of the public sector. This accessibility statement applies to the website https:\/\/victoriagene.es\/. This website is fully compliant with Royal Decree 1112\/2018. This statement was prepared on January 20, 2016. The method used to prepare the statement was a self-assessment carried out by the organization itself.<\/p>","protected":false},"author":1,"featured_media":0,"parent":0,"menu_order":0,"comment_status":"closed","ping_status":"closed","template":"","meta":{"footnotes":""},"class_list":["post-975","page","type-page","status-publish","hentry"],"yoast_head":"<!-- This site is optimized with the Yoast SEO plugin v27.0 - https:\/\/yoast.com\/product\/yoast-seo-wordpress\/ -->\n<title>Declaraci\u00f3n de accesibilidad - Victoria Gene<\/title>\n<meta name=\"robots\" content=\"noindex, follow\" \/>\n<meta property=\"og:locale\" content=\"en_GB\" \/>\n<meta property=\"og:type\" content=\"article\" \/>\n<meta property=\"og:title\" content=\"Declaraci\u00f3n de accesibilidad - Victoria Gene\" \/>\n<meta property=\"og:description\" content=\"Declaraci\u00f3n de accesibilidad Victoria Gen\u00e9 Gomis se ha comprometido a hacer accesible\u00a0https:\/\/victoriagene.es\/\u00a0de conformidad con el\u00a0Real Decreto 1112\/2018, de 7 de septiembre, sobre accesibilidad de los sitios web y aplicaciones para dispositivos m\u00f3viles del sector p\u00fablico. La presente declaraci\u00f3n de accesibilidad se aplica al sitio web https:\/\/victoriagene.es\/ Este sitio web es plenamente conforme con\u00a0RD 1112\/2018. La presente declaraci\u00f3n fue preparada el 20 de enero de 2026. El m\u00e9todo empleado para preparar la declaraci\u00f3n ha sido una autoevaluaci\u00f3n llevada a cabo por el propio organismo.\" \/>\n<meta property=\"og:url\" content=\"https:\/\/victoriagene.es\/en\/accessibility-statement\/\" \/>\n<meta property=\"og:site_name\" content=\"Victoria Gene\" \/>\n<meta property=\"article:modified_time\" content=\"2026-01-20T16:48:44+00:00\" \/>\n<meta name=\"twitter:card\" content=\"summary_large_image\" \/>\n<meta name=\"twitter:label1\" content=\"Estimated reading time\" \/>\n\t<meta name=\"twitter:data1\" content=\"1 minute\" \/>\n<script type=\"application\/ld+json\" class=\"yoast-schema-graph\">{\"@context\":\"https:\/\/schema.org\",\"@graph\":[{\"@type\":\"WebPage\",\"@id\":\"https:\/\/victoriagene.es\/declaracion-accesibilidad\/\",\"url\":\"https:\/\/victoriagene.es\/declaracion-accesibilidad\/\",\"name\":\"Declaraci\u00f3n de accesibilidad - Victoria Gene\",\"isPartOf\":{\"@id\":\"https:\/\/victoriagene.es\/#website\"},\"datePublished\":\"2026-01-20T16:33:07+00:00\",\"dateModified\":\"2026-01-20T16:48:44+00:00\",\"breadcrumb\":{\"@id\":\"https:\/\/victoriagene.es\/declaracion-accesibilidad\/#breadcrumb\"},\"inLanguage\":\"en-GB\",\"potentialAction\":[{\"@type\":\"ReadAction\",\"target\":[\"https:\/\/victoriagene.es\/declaracion-accesibilidad\/\"]}]},{\"@type\":\"BreadcrumbList\",\"@id\":\"https:\/\/victoriagene.es\/declaracion-accesibilidad\/#breadcrumb\",\"itemListElement\":[{\"@type\":\"ListItem\",\"position\":1,\"name\":\"Portada\",\"item\":\"https:\/\/victoriagene.es\/\"},{\"@type\":\"ListItem\",\"position\":2,\"name\":\"Declaraci\u00f3n de accesibilidad\"}]},{\"@type\":\"WebSite\",\"@id\":\"https:\/\/victoriagene.es\/#website\",\"url\":\"https:\/\/victoriagene.es\/\",\"name\":\"Victoria Gen\u00e9\",\"description\":\"Salud integrativa\",\"publisher\":{\"@id\":\"https:\/\/victoriagene.es\/#organization\"},\"potentialAction\":[{\"@type\":\"SearchAction\",\"target\":{\"@type\":\"EntryPoint\",\"urlTemplate\":\"https:\/\/victoriagene.es\/?s={search_term_string}\"},\"query-input\":{\"@type\":\"PropertyValueSpecification\",\"valueRequired\":true,\"valueName\":\"search_term_string\"}}],\"inLanguage\":\"en-GB\"},{\"@type\":\"Organization\",\"@id\":\"https:\/\/victoriagene.es\/#organization\",\"name\":\"Victoria Gen\u00e9\",\"url\":\"https:\/\/victoriagene.es\/\",\"logo\":{\"@type\":\"ImageObject\",\"inLanguage\":\"en-GB\",\"@id\":\"https:\/\/victoriagene.es\/#\/schema\/logo\/image\/\",\"url\":\"https:\/\/victoriagene.es\/wp-content\/uploads\/2026\/01\/icono.webp\",\"contentUrl\":\"https:\/\/victoriagene.es\/wp-content\/uploads\/2026\/01\/icono.webp\",\"width\":250,\"height\":250,\"caption\":\"Victoria Gen\u00e9\"},\"image\":{\"@id\":\"https:\/\/victoriagene.es\/#\/schema\/logo\/image\/\"}}]}<\/script>\n<!-- \/ Yoast SEO plugin. -->","yoast_head_json":{"title":"Accessibility Statement - Victoria Gene","robots":{"index":"noindex","follow":"follow"},"og_locale":"en_GB","og_type":"article","og_title":"Declaraci\u00f3n de accesibilidad - Victoria Gene","og_description":"Declaraci\u00f3n de accesibilidad Victoria Gen\u00e9 Gomis se ha comprometido a hacer accesible\u00a0https:\/\/victoriagene.es\/\u00a0de conformidad con el\u00a0Real Decreto 1112\/2018, de 7 de septiembre, sobre accesibilidad de los sitios web y aplicaciones para dispositivos m\u00f3viles del sector p\u00fablico. La presente declaraci\u00f3n de accesibilidad se aplica al sitio web https:\/\/victoriagene.es\/ Este sitio web es plenamente conforme con\u00a0RD 1112\/2018. La presente declaraci\u00f3n fue preparada el 20 de enero de 2026. El m\u00e9todo empleado para preparar la declaraci\u00f3n ha sido una autoevaluaci\u00f3n llevada a cabo por el propio organismo.","og_url":"https:\/\/victoriagene.es\/en\/accessibility-statement\/","og_site_name":"Victoria Gene","article_modified_time":"2026-01-20T16:48:44+00:00","twitter_card":"summary_large_image","twitter_misc":{"Estimated reading time":"1 minute"},"schema":{"@context":"https:\/\/schema.org","@graph":[{"@type":"WebPage","@id":"https:\/\/victoriagene.es\/declaracion-accesibilidad\/","url":"https:\/\/victoriagene.es\/declaracion-accesibilidad\/","name":"Accessibility Statement - Victoria Gene","isPartOf":{"@id":"https:\/\/victoriagene.es\/#website"},"datePublished":"2026-01-20T16:33:07+00:00","dateModified":"2026-01-20T16:48:44+00:00","breadcrumb":{"@id":"https:\/\/victoriagene.es\/declaracion-accesibilidad\/#breadcrumb"},"inLanguage":"en-GB","potentialAction":[{"@type":"ReadAction","target":["https:\/\/victoriagene.es\/declaracion-accesibilidad\/"]}]},{"@type":"BreadcrumbList","@id":"https:\/\/victoriagene.es\/declaracion-accesibilidad\/#breadcrumb","itemListElement":[{"@type":"ListItem","position":1,"name":"Portada","item":"https:\/\/victoriagene.es\/"},{"@type":"ListItem","position":2,"name":"Declaraci\u00f3n de accesibilidad"}]},{"@type":"WebSite","@id":"https:\/\/victoriagene.es\/#website","url":"https:\/\/victoriagene.es\/","name":"Victoria Gen\u00e9","description":"Integrative health","publisher":{"@id":"https:\/\/victoriagene.es\/#organization"},"potentialAction":[{"@type":"SearchAction","target":{"@type":"EntryPoint","urlTemplate":"https:\/\/victoriagene.es\/?s={search_term_string}"},"query-input":{"@type":"PropertyValueSpecification","valueRequired":true,"valueName":"search_term_string"}}],"inLanguage":"en-GB"},{"@type":"Organization","@id":"https:\/\/victoriagene.es\/#organization","name":"Victoria Gen\u00e9","url":"https:\/\/victoriagene.es\/","logo":{"@type":"ImageObject","inLanguage":"en-GB","@id":"https:\/\/victoriagene.es\/#\/schema\/logo\/image\/","url":"https:\/\/victoriagene.es\/wp-content\/uploads\/2026\/01\/icono.webp","contentUrl":"https:\/\/victoriagene.es\/wp-content\/uploads\/2026\/01\/icono.webp","width":250,"height":250,"caption":"Victoria Gen\u00e9"},"image":{"@id":"https:\/\/victoriagene.es\/#\/schema\/logo\/image\/"}}]}},"_links":{"self":[{"href":"https:\/\/victoriagene.es\/en\/wp-json\/wp\/v2\/pages\/975","targetHints":{"allow":["GET"]}}],"collection":[{"href":"https:\/\/victoriagene.es\/en\/wp-json\/wp\/v2\/pages"}],"about":[{"href":"https:\/\/victoriagene.es\/en\/wp-json\/wp\/v2\/types\/page"}],"author":[{"embeddable":true,"href":"https:\/\/victoriagene.es\/en\/wp-json\/wp\/v2\/users\/1"}],"replies":[{"embeddable":true,"href":"https:\/\/victoriagene.es\/en\/wp-json\/wp\/v2\/comments?post=975"}],"version-history":[{"count":14,"href":"https:\/\/victoriagene.es\/en\/wp-json\/wp\/v2\/pages\/975\/revisions"}],"predecessor-version":[{"id":992,"href":"https:\/\/victoriagene.es\/en\/wp-json\/wp\/v2\/pages\/975\/revisions\/992"}],"wp:attachment":[{"href":"https:\/\/victoriagene.es\/en\/wp-json\/wp\/v2\/media?parent=975"}],"curies":[{"name":"wp","href":"https:\/\/api.w.org\/{rel}","templated":true}]}}