{"id":963,"date":"2026-01-20T17:30:31","date_gmt":"2026-01-20T16:30:31","guid":{"rendered":"https:\/\/victoriagene.es\/?page_id=963"},"modified":"2026-01-20T17:49:00","modified_gmt":"2026-01-20T16:49:00","slug":"cookie-policy","status":"publish","type":"page","link":"https:\/\/victoriagene.es\/en\/cookie-policy\/","title":{"rendered":"Cookies policy"},"content":{"rendered":"<div data-elementor-type=\"wp-page\" data-elementor-id=\"963\" class=\"elementor elementor-963\" data-elementor-post-type=\"page\">\n\t\t\t\t<div class=\"elementor-element elementor-element-37d01fcf e-flex e-con-boxed wpr-jarallax-no e-con e-parent\" data-id=\"37d01fcf\" data-element_type=\"container\" data-e-type=\"container\">\n\t\t\t\t\t<div class=\"e-con-inner\">\n\t\t\t\t<div class=\"elementor-element elementor-element-3831f27a elementor-widget elementor-widget-heading\" data-id=\"3831f27a\" data-element_type=\"widget\" data-e-type=\"widget\" data-widget_type=\"heading.default\">\n\t\t\t\t\t<h2 class=\"elementor-heading-title elementor-size-default\">Cookies policy<\/h2>\t\t\t\t<\/div>\n\t\t\t\t<div class=\"elementor-element elementor-element-5d716b73 elementor-widget elementor-widget-text-editor\" data-id=\"5d716b73\" data-element_type=\"widget\" data-e-type=\"widget\" data-widget_type=\"text-editor.default\">\n\t\t\t\t\t\t\t\t\t<p>Access to this Website may involve the use of cookies. Cookies are small pieces of information that are stored in the browser used by each User\u2014on the different devices they may use to browse\u2014so that the server remembers certain information that will later be used to retrieve it.<br>Only the server that implemented it will read it. Cookies facilitate navigation, make it more user-friendly, and do not harm the browsing device.<\/p>\n<p>Cookies are automatic procedures for collecting information relating to the preferences determined by the User during their visit to the Website in order to recognize them as a User, and personalize their experience and use of the Website, and can also, for example, help to identify and resolve errors.<\/p>\n<p>The information collected through cookies may include the date and time of visits to the Website, the pages viewed, the time spent on the Website, and the sites visited immediately before and after. However, no cookie can access the User&#039;s telephone number or any other personal contact information. No cookie can extract information from the User&#039;s hard drive or steal personal information. The only way for the User&#039;s private information to be included in the Cookie file is for the User to personally provide that information to the server.&nbsp;<\/p>\n<p>Cookies that allow for the identification of an individual are considered personal data. Therefore, the Privacy Policy described above will apply to them. In this regard, the User&#039;s consent will be required for their use. This consent will be obtained through a genuine choice, offered by means of an affirmative and positive decision, prior to the initial processing, and will be revocable and documented.<\/p>\n<p><b>First-party cookies<br><\/b>These are cookies that are sent to the User&#039;s computer or device and managed exclusively by Victoria Gen\u00e9 Gomis for the optimal functioning of the Website. The information collected is used to improve the quality of the Website and its Content, as well as the User&#039;s experience. These cookies allow the Website to recognize the User as a returning visitor and adapt the content to offer information that matches their preferences.<\/p>\n<p><b>Social media cookies<br><\/b>www.victoriagene.es incorporates social media plugins, which allow access to these platforms from the Website. For this reason, social media cookies may be stored in the User&#039;s browser. The owners of these social media platforms have their own data protection and cookie policies, and they are responsible for their own files and privacy practices. The User should refer to these policies to learn about these cookies and, where applicable, the processing of their personal data. For informational purposes only, the links to these privacy and\/or cookie policies are provided below:<\/p>\n<p>Facebook: https:\/\/www.facebook.com\/policies\/cookies\/<br>Twitter: https:\/\/twitter.com\/es\/privacy<br>Instagram: https:\/\/help.instagram.com\/1896641480634370?ref=ig<br>YouTube: https:\/\/policies.google.com\/privacy?hl=es-419&amp;gl=mx<br>Pinterest: https:\/\/policy.pinterest.com\/es\/privacy-policy<br>LinkedIn: https:\/\/www.linkedin.com\/legal\/cookie-policy?trk=hp-cookies<\/p>\n<p><b>Disable, reject and delete cookies<br><\/b>Users can disable, reject, and delete cookies\u2014in whole or in part\u2014installed on their device by configuring their browser (such as Chrome, Firefox, Safari, or Explorer). The procedures for rejecting and deleting cookies may differ from one internet browser to another. Therefore, users should consult the instructions provided by their specific internet browser. If a user rejects the use of cookies\u2014in whole or in part\u2014they may continue to use the Website, although their access to some of its features may be limited.<\/p>\t\t\t\t\t\t\t\t<\/div>\n\t\t\t\t\t<\/div>\n\t\t\t\t<\/div>\n\t\t\t\t<\/div>","protected":false},"excerpt":{"rendered":"<p>Pol\u00edtica de cookies El acceso a este Sitio Web puede implicar la utilizaci\u00f3n de cookies. Las cookies son peque\u00f1as cantidades de informaci\u00f3n que se almacenan en el navegador utilizado por cada Usuario \u2014en los distintos dispositivos que pueda utilizar para navegar\u2014 para que el servidor recuerde cierta informaci\u00f3n que posteriormente y\u00fanicamente el servidor que la implement\u00f3 leer\u00e1. Las cookies facilitan la navegaci\u00f3n, la hacen m\u00e1s amigable, y no da\u00f1an el dispositivo de navegaci\u00f3n. Las cookies son procedimientos autom\u00e1ticos de recogida de informaci\u00f3n relativa a las preferencias determinadas por el Usuario durante su visita al Sitio Web con el fin de reconocerlo como Usuario, y personalizar su experiencia y el uso del Sitio Web, y pueden tambi\u00e9n, por ejemplo, ayudar a identificar y resolver errores. La informaci\u00f3n recabada a trav\u00e9s de las cookies puede incluir la fecha y hora de visitas al Sitio Web, las p\u00e1ginas visionadas, el tiempo que ha estado en el Sitio Web y los sitios visitados justo antes y despu\u00e9s del mismo. Sin embargo, ninguna cookie permite que esta misma pueda contactarse con el n\u00famero de tel\u00e9fono del Usuario o con cualquier otro medio de contacto personal. Ninguna cookie puede extraer informaci\u00f3n del disco duro del Usuario o robar informaci\u00f3n personal. La \u00fanica manera de que la informaci\u00f3n privada del Usuario forme parte del archivo Cookie es que el usuario d\u00e9 personalmente esa informaci\u00f3n al servidor.&nbsp; Las cookies que permiten identificar a una persona se consideran datos personales. Por tanto, a las mismas les ser\u00e1 de aplicaci\u00f3n la Pol\u00edtica de Privacidad anteriormente descrita. En este sentido, para la utilizaci\u00f3n de las mismas ser\u00e1 necesario el consentimiento del Usuario. Este consentimiento ser\u00e1 comunicado, en base a una elecci\u00f3n aut\u00e9ntica, ofrecido mediante una decisi\u00f3n afirmativa y positiva, antes del tratamiento inicial, removible y documentado. Cookies propiasSon aquellas cookies que son enviadas al ordenador o dispositivo del Usuario y gestionadas exclusivamente por Victoria Gen\u00e9 Gomis&nbsp;para el mejor funcionamiento del Sitio Web. La informaci\u00f3n que se recaba se emplea para mejorar la calidad del Sitio Web y su Contenido y su experiencia como Usuario. Estas cookies permiten reconocer al Usuario como visitante recurrente del Sitio Web y adaptar el contenido para ofrecerle contenidos que se ajusten a sus preferencias. Cookies de redes socialeswww.victoriagene.es incorpora plugins de redes sociales, que permiten acceder a las mismas a partir del Sitio Web. Por esta raz\u00f3n, las cookies de redes sociales pueden almacenarse en el navegador del Usuario. Los titulares de dichas redes sociales disponen de sus propias pol\u00edticas de protecci\u00f3n de datos y de cookies, siendo ellos mismos, en cada caso, responsables de sus propios ficheros y de sus propias pr\u00e1cticas de privacidad. El Usuario debe referirse a las mismas para informarse acerca de dichas cookies y, en su caso, del tratamiento de sus datos personales. \u00danicamente a t\u00edtulo informativo se indican a continuaci\u00f3n los enlaces en los que se pueden consultar dichas pol\u00edticas de privacidad y\/o de cookies: Facebook: https:\/\/www.facebook.com\/policies\/cookies\/Twitter: https:\/\/twitter.com\/es\/privacyInstagram: https:\/\/help.instagram.com\/1896641480634370?ref=igYouTube: https:\/\/policies.google.com\/privacy?hl=es-419&amp;gl=mxPinterest: https:\/\/policy.pinterest.com\/es\/privacy-policyLinkedIn: https:\/\/www.linkedin.com\/legal\/cookie-policy?trk=hp-cookies Deshabilitar, rechazar y eliminar cookiesEl Usuario puede deshabilitar, rechazar y eliminar las cookies \u2014total o parcialmente\u2014 instaladas en su dispositivo mediante la configuraci\u00f3n de su navegador (entre los que se encuentran, por ejemplo, Chrome, Firefox, Safari, Explorer). En este sentido, los procedimientos para rechazar y eliminar las cookies pueden diferir de un navegador de Internet a otro. En consecuencia, el Usuario debe acudir a las instrucciones facilitadas por el propio navegador de Internet que est\u00e9 utilizando. En el supuesto de que rechace el uso de cookies \u2014total o parcialmente\u2014 podr\u00e1 seguir usando el Sitio Web, si bien podr\u00e1 tener limitada la utilizaci\u00f3n de algunas de las prestaciones del mismo.<\/p>","protected":false},"author":1,"featured_media":0,"parent":0,"menu_order":0,"comment_status":"closed","ping_status":"closed","template":"","meta":{"footnotes":""},"class_list":["post-963","page","type-page","status-publish","hentry"],"yoast_head":"<!-- This site is optimized with the Yoast SEO plugin v27.0 - https:\/\/yoast.com\/product\/yoast-seo-wordpress\/ -->\n<title>Pol\u00edtica de cookies - Victoria Gene<\/title>\n<meta name=\"robots\" content=\"noindex, follow\" \/>\n<meta property=\"og:locale\" content=\"en_GB\" \/>\n<meta property=\"og:type\" content=\"article\" \/>\n<meta property=\"og:title\" content=\"Pol\u00edtica de cookies - Victoria Gene\" \/>\n<meta property=\"og:description\" content=\"Pol\u00edtica de cookies El acceso a este Sitio Web puede implicar la utilizaci\u00f3n de cookies. Las cookies son peque\u00f1as cantidades de informaci\u00f3n que se almacenan en el navegador utilizado por cada Usuario \u2014en los distintos dispositivos que pueda utilizar para navegar\u2014 para que el servidor recuerde cierta informaci\u00f3n que posteriormente y\u00fanicamente el servidor que la implement\u00f3 leer\u00e1. Las cookies facilitan la navegaci\u00f3n, la hacen m\u00e1s amigable, y no da\u00f1an el dispositivo de navegaci\u00f3n. Las cookies son procedimientos autom\u00e1ticos de recogida de informaci\u00f3n relativa a las preferencias determinadas por el Usuario durante su visita al Sitio Web con el fin de reconocerlo como Usuario, y personalizar su experiencia y el uso del Sitio Web, y pueden tambi\u00e9n, por ejemplo, ayudar a identificar y resolver errores. La informaci\u00f3n recabada a trav\u00e9s de las cookies puede incluir la fecha y hora de visitas al Sitio Web, las p\u00e1ginas visionadas, el tiempo que ha estado en el Sitio Web y los sitios visitados justo antes y despu\u00e9s del mismo. Sin embargo, ninguna cookie permite que esta misma pueda contactarse con el n\u00famero de tel\u00e9fono del Usuario o con cualquier otro medio de contacto personal. Ninguna cookie puede extraer informaci\u00f3n del disco duro del Usuario o robar informaci\u00f3n personal. La \u00fanica manera de que la informaci\u00f3n privada del Usuario forme parte del archivo Cookie es que el usuario d\u00e9 personalmente esa informaci\u00f3n al servidor.&nbsp; Las cookies que permiten identificar a una persona se consideran datos personales. Por tanto, a las mismas les ser\u00e1 de aplicaci\u00f3n la Pol\u00edtica de Privacidad anteriormente descrita. En este sentido, para la utilizaci\u00f3n de las mismas ser\u00e1 necesario el consentimiento del Usuario. Este consentimiento ser\u00e1 comunicado, en base a una elecci\u00f3n aut\u00e9ntica, ofrecido mediante una decisi\u00f3n afirmativa y positiva, antes del tratamiento inicial, removible y documentado. Cookies propiasSon aquellas cookies que son enviadas al ordenador o dispositivo del Usuario y gestionadas exclusivamente por Victoria Gen\u00e9 Gomis&nbsp;para el mejor funcionamiento del Sitio Web. La informaci\u00f3n que se recaba se emplea para mejorar la calidad del Sitio Web y su Contenido y su experiencia como Usuario. Estas cookies permiten reconocer al Usuario como visitante recurrente del Sitio Web y adaptar el contenido para ofrecerle contenidos que se ajusten a sus preferencias. Cookies de redes socialeswww.victoriagene.es incorpora plugins de redes sociales, que permiten acceder a las mismas a partir del Sitio Web. Por esta raz\u00f3n, las cookies de redes sociales pueden almacenarse en el navegador del Usuario. Los titulares de dichas redes sociales disponen de sus propias pol\u00edticas de protecci\u00f3n de datos y de cookies, siendo ellos mismos, en cada caso, responsables de sus propios ficheros y de sus propias pr\u00e1cticas de privacidad. El Usuario debe referirse a las mismas para informarse acerca de dichas cookies y, en su caso, del tratamiento de sus datos personales. \u00danicamente a t\u00edtulo informativo se indican a continuaci\u00f3n los enlaces en los que se pueden consultar dichas pol\u00edticas de privacidad y\/o de cookies: Facebook: https:\/\/www.facebook.com\/policies\/cookies\/Twitter: https:\/\/twitter.com\/es\/privacyInstagram: https:\/\/help.instagram.com\/1896641480634370?ref=igYouTube: https:\/\/policies.google.com\/privacy?hl=es-419&amp;gl=mxPinterest: https:\/\/policy.pinterest.com\/es\/privacy-policyLinkedIn: https:\/\/www.linkedin.com\/legal\/cookie-policy?trk=hp-cookies Deshabilitar, rechazar y eliminar cookiesEl Usuario puede deshabilitar, rechazar y eliminar las cookies \u2014total o parcialmente\u2014 instaladas en su dispositivo mediante la configuraci\u00f3n de su navegador (entre los que se encuentran, por ejemplo, Chrome, Firefox, Safari, Explorer). En este sentido, los procedimientos para rechazar y eliminar las cookies pueden diferir de un navegador de Internet a otro. En consecuencia, el Usuario debe acudir a las instrucciones facilitadas por el propio navegador de Internet que est\u00e9 utilizando. En el supuesto de que rechace el uso de cookies \u2014total o parcialmente\u2014 podr\u00e1 seguir usando el Sitio Web, si bien podr\u00e1 tener limitada la utilizaci\u00f3n de algunas de las prestaciones del mismo.\" \/>\n<meta property=\"og:url\" content=\"https:\/\/victoriagene.es\/en\/cookie-policy\/\" \/>\n<meta property=\"og:site_name\" content=\"Victoria Gene\" \/>\n<meta property=\"article:modified_time\" content=\"2026-01-20T16:49:00+00:00\" \/>\n<meta name=\"twitter:card\" content=\"summary_large_image\" \/>\n<meta name=\"twitter:label1\" content=\"Estimated reading time\" \/>\n\t<meta name=\"twitter:data1\" content=\"3 minutes\" \/>\n<script type=\"application\/ld+json\" class=\"yoast-schema-graph\">{\"@context\":\"https:\/\/schema.org\",\"@graph\":[{\"@type\":\"WebPage\",\"@id\":\"https:\/\/victoriagene.es\/politica-cookies\/\",\"url\":\"https:\/\/victoriagene.es\/politica-cookies\/\",\"name\":\"Pol\u00edtica de cookies - Victoria Gene\",\"isPartOf\":{\"@id\":\"https:\/\/victoriagene.es\/#website\"},\"datePublished\":\"2026-01-20T16:30:31+00:00\",\"dateModified\":\"2026-01-20T16:49:00+00:00\",\"breadcrumb\":{\"@id\":\"https:\/\/victoriagene.es\/politica-cookies\/#breadcrumb\"},\"inLanguage\":\"en-GB\",\"potentialAction\":[{\"@type\":\"ReadAction\",\"target\":[\"https:\/\/victoriagene.es\/politica-cookies\/\"]}]},{\"@type\":\"BreadcrumbList\",\"@id\":\"https:\/\/victoriagene.es\/politica-cookies\/#breadcrumb\",\"itemListElement\":[{\"@type\":\"ListItem\",\"position\":1,\"name\":\"Portada\",\"item\":\"https:\/\/victoriagene.es\/\"},{\"@type\":\"ListItem\",\"position\":2,\"name\":\"Pol\u00edtica de cookies\"}]},{\"@type\":\"WebSite\",\"@id\":\"https:\/\/victoriagene.es\/#website\",\"url\":\"https:\/\/victoriagene.es\/\",\"name\":\"Victoria Gen\u00e9\",\"description\":\"Salud integrativa\",\"publisher\":{\"@id\":\"https:\/\/victoriagene.es\/#organization\"},\"potentialAction\":[{\"@type\":\"SearchAction\",\"target\":{\"@type\":\"EntryPoint\",\"urlTemplate\":\"https:\/\/victoriagene.es\/?s={search_term_string}\"},\"query-input\":{\"@type\":\"PropertyValueSpecification\",\"valueRequired\":true,\"valueName\":\"search_term_string\"}}],\"inLanguage\":\"en-GB\"},{\"@type\":\"Organization\",\"@id\":\"https:\/\/victoriagene.es\/#organization\",\"name\":\"Victoria Gen\u00e9\",\"url\":\"https:\/\/victoriagene.es\/\",\"logo\":{\"@type\":\"ImageObject\",\"inLanguage\":\"en-GB\",\"@id\":\"https:\/\/victoriagene.es\/#\/schema\/logo\/image\/\",\"url\":\"https:\/\/victoriagene.es\/wp-content\/uploads\/2026\/01\/icono.webp\",\"contentUrl\":\"https:\/\/victoriagene.es\/wp-content\/uploads\/2026\/01\/icono.webp\",\"width\":250,\"height\":250,\"caption\":\"Victoria Gen\u00e9\"},\"image\":{\"@id\":\"https:\/\/victoriagene.es\/#\/schema\/logo\/image\/\"}}]}<\/script>\n<!-- \/ Yoast SEO plugin. -->","yoast_head_json":{"title":"Cookie Policy - Victoria Gene","robots":{"index":"noindex","follow":"follow"},"og_locale":"en_GB","og_type":"article","og_title":"Pol\u00edtica de cookies - Victoria Gene","og_description":"Pol\u00edtica de cookies El acceso a este Sitio Web puede implicar la utilizaci\u00f3n de cookies. Las cookies son peque\u00f1as cantidades de informaci\u00f3n que se almacenan en el navegador utilizado por cada Usuario \u2014en los distintos dispositivos que pueda utilizar para navegar\u2014 para que el servidor recuerde cierta informaci\u00f3n que posteriormente y\u00fanicamente el servidor que la implement\u00f3 leer\u00e1. Las cookies facilitan la navegaci\u00f3n, la hacen m\u00e1s amigable, y no da\u00f1an el dispositivo de navegaci\u00f3n. Las cookies son procedimientos autom\u00e1ticos de recogida de informaci\u00f3n relativa a las preferencias determinadas por el Usuario durante su visita al Sitio Web con el fin de reconocerlo como Usuario, y personalizar su experiencia y el uso del Sitio Web, y pueden tambi\u00e9n, por ejemplo, ayudar a identificar y resolver errores. La informaci\u00f3n recabada a trav\u00e9s de las cookies puede incluir la fecha y hora de visitas al Sitio Web, las p\u00e1ginas visionadas, el tiempo que ha estado en el Sitio Web y los sitios visitados justo antes y despu\u00e9s del mismo. Sin embargo, ninguna cookie permite que esta misma pueda contactarse con el n\u00famero de tel\u00e9fono del Usuario o con cualquier otro medio de contacto personal. Ninguna cookie puede extraer informaci\u00f3n del disco duro del Usuario o robar informaci\u00f3n personal. La \u00fanica manera de que la informaci\u00f3n privada del Usuario forme parte del archivo Cookie es que el usuario d\u00e9 personalmente esa informaci\u00f3n al servidor.&nbsp; Las cookies que permiten identificar a una persona se consideran datos personales. Por tanto, a las mismas les ser\u00e1 de aplicaci\u00f3n la Pol\u00edtica de Privacidad anteriormente descrita. En este sentido, para la utilizaci\u00f3n de las mismas ser\u00e1 necesario el consentimiento del Usuario. Este consentimiento ser\u00e1 comunicado, en base a una elecci\u00f3n aut\u00e9ntica, ofrecido mediante una decisi\u00f3n afirmativa y positiva, antes del tratamiento inicial, removible y documentado. Cookies propiasSon aquellas cookies que son enviadas al ordenador o dispositivo del Usuario y gestionadas exclusivamente por Victoria Gen\u00e9 Gomis&nbsp;para el mejor funcionamiento del Sitio Web. La informaci\u00f3n que se recaba se emplea para mejorar la calidad del Sitio Web y su Contenido y su experiencia como Usuario. Estas cookies permiten reconocer al Usuario como visitante recurrente del Sitio Web y adaptar el contenido para ofrecerle contenidos que se ajusten a sus preferencias. Cookies de redes socialeswww.victoriagene.es incorpora plugins de redes sociales, que permiten acceder a las mismas a partir del Sitio Web. Por esta raz\u00f3n, las cookies de redes sociales pueden almacenarse en el navegador del Usuario. Los titulares de dichas redes sociales disponen de sus propias pol\u00edticas de protecci\u00f3n de datos y de cookies, siendo ellos mismos, en cada caso, responsables de sus propios ficheros y de sus propias pr\u00e1cticas de privacidad. El Usuario debe referirse a las mismas para informarse acerca de dichas cookies y, en su caso, del tratamiento de sus datos personales. \u00danicamente a t\u00edtulo informativo se indican a continuaci\u00f3n los enlaces en los que se pueden consultar dichas pol\u00edticas de privacidad y\/o de cookies: Facebook: https:\/\/www.facebook.com\/policies\/cookies\/Twitter: https:\/\/twitter.com\/es\/privacyInstagram: https:\/\/help.instagram.com\/1896641480634370?ref=igYouTube: https:\/\/policies.google.com\/privacy?hl=es-419&amp;gl=mxPinterest: https:\/\/policy.pinterest.com\/es\/privacy-policyLinkedIn: https:\/\/www.linkedin.com\/legal\/cookie-policy?trk=hp-cookies Deshabilitar, rechazar y eliminar cookiesEl Usuario puede deshabilitar, rechazar y eliminar las cookies \u2014total o parcialmente\u2014 instaladas en su dispositivo mediante la configuraci\u00f3n de su navegador (entre los que se encuentran, por ejemplo, Chrome, Firefox, Safari, Explorer). En este sentido, los procedimientos para rechazar y eliminar las cookies pueden diferir de un navegador de Internet a otro. En consecuencia, el Usuario debe acudir a las instrucciones facilitadas por el propio navegador de Internet que est\u00e9 utilizando. En el supuesto de que rechace el uso de cookies \u2014total o parcialmente\u2014 podr\u00e1 seguir usando el Sitio Web, si bien podr\u00e1 tener limitada la utilizaci\u00f3n de algunas de las prestaciones del mismo.","og_url":"https:\/\/victoriagene.es\/en\/cookie-policy\/","og_site_name":"Victoria Gene","article_modified_time":"2026-01-20T16:49:00+00:00","twitter_card":"summary_large_image","twitter_misc":{"Estimated reading time":"3 minutes"},"schema":{"@context":"https:\/\/schema.org","@graph":[{"@type":"WebPage","@id":"https:\/\/victoriagene.es\/politica-cookies\/","url":"https:\/\/victoriagene.es\/politica-cookies\/","name":"Cookie Policy - Victoria Gene","isPartOf":{"@id":"https:\/\/victoriagene.es\/#website"},"datePublished":"2026-01-20T16:30:31+00:00","dateModified":"2026-01-20T16:49:00+00:00","breadcrumb":{"@id":"https:\/\/victoriagene.es\/politica-cookies\/#breadcrumb"},"inLanguage":"en-GB","potentialAction":[{"@type":"ReadAction","target":["https:\/\/victoriagene.es\/politica-cookies\/"]}]},{"@type":"BreadcrumbList","@id":"https:\/\/victoriagene.es\/politica-cookies\/#breadcrumb","itemListElement":[{"@type":"ListItem","position":1,"name":"Portada","item":"https:\/\/victoriagene.es\/"},{"@type":"ListItem","position":2,"name":"Pol\u00edtica de cookies"}]},{"@type":"WebSite","@id":"https:\/\/victoriagene.es\/#website","url":"https:\/\/victoriagene.es\/","name":"Victoria Gen\u00e9","description":"Integrative health","publisher":{"@id":"https:\/\/victoriagene.es\/#organization"},"potentialAction":[{"@type":"SearchAction","target":{"@type":"EntryPoint","urlTemplate":"https:\/\/victoriagene.es\/?s={search_term_string}"},"query-input":{"@type":"PropertyValueSpecification","valueRequired":true,"valueName":"search_term_string"}}],"inLanguage":"en-GB"},{"@type":"Organization","@id":"https:\/\/victoriagene.es\/#organization","name":"Victoria Gen\u00e9","url":"https:\/\/victoriagene.es\/","logo":{"@type":"ImageObject","inLanguage":"en-GB","@id":"https:\/\/victoriagene.es\/#\/schema\/logo\/image\/","url":"https:\/\/victoriagene.es\/wp-content\/uploads\/2026\/01\/icono.webp","contentUrl":"https:\/\/victoriagene.es\/wp-content\/uploads\/2026\/01\/icono.webp","width":250,"height":250,"caption":"Victoria Gen\u00e9"},"image":{"@id":"https:\/\/victoriagene.es\/#\/schema\/logo\/image\/"}}]}},"_links":{"self":[{"href":"https:\/\/victoriagene.es\/en\/wp-json\/wp\/v2\/pages\/963","targetHints":{"allow":["GET"]}}],"collection":[{"href":"https:\/\/victoriagene.es\/en\/wp-json\/wp\/v2\/pages"}],"about":[{"href":"https:\/\/victoriagene.es\/en\/wp-json\/wp\/v2\/types\/page"}],"author":[{"embeddable":true,"href":"https:\/\/victoriagene.es\/en\/wp-json\/wp\/v2\/users\/1"}],"replies":[{"embeddable":true,"href":"https:\/\/victoriagene.es\/en\/wp-json\/wp\/v2\/comments?post=963"}],"version-history":[{"count":8,"href":"https:\/\/victoriagene.es\/en\/wp-json\/wp\/v2\/pages\/963\/revisions"}],"predecessor-version":[{"id":974,"href":"https:\/\/victoriagene.es\/en\/wp-json\/wp\/v2\/pages\/963\/revisions\/974"}],"wp:attachment":[{"href":"https:\/\/victoriagene.es\/en\/wp-json\/wp\/v2\/media?parent=963"}],"curies":[{"name":"wp","href":"https:\/\/api.w.org\/{rel}","templated":true}]}}