{"id":613,"date":"2026-01-20T14:44:45","date_gmt":"2026-01-20T13:44:45","guid":{"rendered":"https:\/\/victoriagene.es\/?page_id=613"},"modified":"2026-02-20T12:55:23","modified_gmt":"2026-02-20T11:55:23","slug":"about-me","status":"publish","type":"page","link":"https:\/\/victoriagene.es\/en\/about-me\/","title":{"rendered":"About me"},"content":{"rendered":"<div data-elementor-type=\"wp-post\" data-elementor-id=\"613\" class=\"elementor elementor-613\" data-elementor-post-type=\"page\">\n\t\t\t\t<div class=\"elementor-element elementor-element-23958af e-con-full e-flex wpr-jarallax-no e-con e-parent\" data-id=\"23958af\" data-element_type=\"container\" data-e-type=\"container\" data-settings=\"{&quot;background_background&quot;:&quot;classic&quot;}\">\n\t\t<div class=\"elementor-element elementor-element-0c4563f e-con-full e-flex wpr-jarallax-no e-con e-child\" data-id=\"0c4563f\" data-element_type=\"container\" data-e-type=\"container\">\n\t\t\t\t<div class=\"elementor-element elementor-element-697b5c5 elementor-hidden-desktop elementor-hidden-mobile elementor-invisible elementor-widget elementor-widget-heading\" data-id=\"697b5c5\" data-element_type=\"widget\" data-e-type=\"widget\" data-settings=\"{&quot;_animation&quot;:&quot;fadeInUp&quot;}\" data-widget_type=\"heading.default\">\n\t\t\t\t\t<h2 class=\"elementor-heading-title elementor-size-default\">Get to know me a little more<\/h2>\t\t\t\t<\/div>\n\t\t\t\t<\/div>\n\t\t<div class=\"elementor-element elementor-element-db6273e e-con-full e-flex wpr-jarallax-no e-con e-child\" data-id=\"db6273e\" data-element_type=\"container\" data-e-type=\"container\">\n\t\t\t\t<div class=\"elementor-element elementor-element-f9438e5 elementor-hidden-tablet elementor-widget-mobile__width-initial elementor-hidden-mobile elementor-invisible elementor-widget elementor-widget-heading\" data-id=\"f9438e5\" data-element_type=\"widget\" data-e-type=\"widget\" data-settings=\"{&quot;_animation&quot;:&quot;fadeInUp&quot;}\" data-widget_type=\"heading.default\">\n\t\t\t\t\t<h2 class=\"elementor-heading-title elementor-size-default\">Get to know me a little more<\/h2>\t\t\t\t<\/div>\n\t\t\t\t<div class=\"elementor-element elementor-element-70b6e75 elementor-hidden-desktop elementor-hidden-tablet elementor-widget elementor-widget-heading\" data-id=\"70b6e75\" data-element_type=\"widget\" data-e-type=\"widget\" data-settings=\"{&quot;_animation_mobile&quot;:&quot;fadeInUp&quot;}\" data-widget_type=\"heading.default\">\n\t\t\t\t\t<h2 class=\"elementor-heading-title elementor-size-default\"><br>Get to know me <br>some more<\/h2>\t\t\t\t<\/div>\n\t\t\t\t<\/div>\n\t\t\t\t<\/div>\n\t\t<div class=\"elementor-element elementor-element-e01dc70 e-flex e-con-boxed wpr-jarallax-no e-con e-parent\" data-id=\"e01dc70\" data-element_type=\"container\" data-e-type=\"container\">\n\t\t\t\t\t<div class=\"e-con-inner\">\n\t\t<div class=\"elementor-element elementor-element-1e0aef7 e-con-full e-flex wpr-jarallax-no e-con e-child\" data-id=\"1e0aef7\" data-element_type=\"container\" data-e-type=\"container\">\n\t\t\t\t<div class=\"elementor-element elementor-element-161b987 elementor-widget elementor-widget-text-editor\" data-id=\"161b987\" data-element_type=\"widget\" data-e-type=\"widget\" data-widget_type=\"text-editor.default\">\n\t\t\t\t\t\t\t\t\t<p>I was born in a small town in Mallorca. Growing up by the sea, surrounded by nature, profoundly shaped my understanding of life, giving me a deep connection to and respect for the cycles of life.<\/p><p>I trained as a ceramist in Granada and Crete, an art that is still present in me today as a form of expression.<\/p><p>After living in various parts of Europe and a long trip to Asia, I found my true calling: therapy. I studied Thai massage during several stays in Chiang Mai, Thailand, and trained as a yoga teacher in Rishikesh, India, incorporating awareness of movement and breath into bodywork.<\/p>\t\t\t\t\t\t\t\t<\/div>\n\t\t\t\t<\/div>\n\t\t<div class=\"elementor-element elementor-element-8e4ee4e e-con-full e-flex wpr-jarallax-no e-con e-child\" data-id=\"8e4ee4e\" data-element_type=\"container\" data-e-type=\"container\">\n\t\t\t\t<div class=\"elementor-element elementor-element-5947adb animated-slow elementor-invisible elementor-widget elementor-widget-image\" data-id=\"5947adb\" data-element_type=\"widget\" data-e-type=\"widget\" data-settings=\"{&quot;_animation&quot;:&quot;fadeIn&quot;}\" data-widget_type=\"image.default\">\n\t\t\t\t\t\t\t\t\t\t\t\t\t\t\t<img fetchpriority=\"high\" decoding=\"async\" width=\"560\" height=\"700\" src=\"https:\/\/victoriagene.es\/wp-content\/uploads\/2026\/02\/SOBRE-MI-segunda-foto.webp\" class=\"attachment-large size-large wp-image-1658\" alt=\"\" srcset=\"https:\/\/victoriagene.es\/wp-content\/uploads\/2026\/02\/SOBRE-MI-segunda-foto.webp 560w, https:\/\/victoriagene.es\/wp-content\/uploads\/2026\/02\/SOBRE-MI-segunda-foto-240x300.webp 240w, https:\/\/victoriagene.es\/wp-content\/uploads\/2026\/02\/SOBRE-MI-segunda-foto-10x12.webp 10w\" sizes=\"(max-width: 560px) 100vw, 560px\" \/>\t\t\t\t\t\t\t\t\t\t\t\t\t\t\t<\/div>\n\t\t\t\t<\/div>\n\t\t\t\t\t<\/div>\n\t\t\t\t<\/div>\n\t\t<div class=\"elementor-element elementor-element-1003836 e-flex e-con-boxed wpr-jarallax-no e-con e-parent\" data-id=\"1003836\" data-element_type=\"container\" data-e-type=\"container\">\n\t\t\t\t\t<div class=\"e-con-inner\">\n\t\t<div class=\"elementor-element elementor-element-5a55d76 e-con-full e-flex wpr-jarallax-no e-con e-child\" data-id=\"5a55d76\" data-element_type=\"container\" data-e-type=\"container\">\n\t\t\t\t<div class=\"elementor-element elementor-element-e2c1815 elementor-widget elementor-widget-text-editor\" data-id=\"e2c1815\" data-element_type=\"widget\" data-e-type=\"widget\" data-widget_type=\"text-editor.default\">\n\t\t\t\t\t\t\t\t\t<p>Upon returning to Spain, I deepened my training in Chiromassage and Osteopathy.<\/p><p>This integrative vision led me to incorporate nutrition as an essential part of my professional approach, training as a nutrition technician at ISMET, Barcelona, in clinical applied nutrition and as an expert in Microbiota at the School of Integrative Health in Madrid, completing my training with specialization in Fertility and Pregnancy at the Roger de Ll\u00faria Institute, Barcelona.<\/p><p>Beyond my training, my personal journey has profoundly shaped my approach to support. After a long fertility process, in which I finally became a mother through egg donation, I understood firsthand what it means to support long, complex, and profoundly transformative processes.<\/p><p>I currently live back in Mallorca, where my son brought me back. From here, I support others with a close, respectful, and committed approach, integrating professional experience, training, and personal life.<\/p>\t\t\t\t\t\t\t\t<\/div>\n\t\t\t\t<\/div>\n\t\t<div class=\"elementor-element elementor-element-a3b6783 e-con-full e-flex wpr-jarallax-no e-con e-child\" data-id=\"a3b6783\" data-element_type=\"container\" data-e-type=\"container\">\n\t\t\t\t<div class=\"elementor-element elementor-element-b836e9f animated-slow elementor-invisible elementor-widget elementor-widget-image\" data-id=\"b836e9f\" data-element_type=\"widget\" data-e-type=\"widget\" data-settings=\"{&quot;_animation&quot;:&quot;fadeIn&quot;}\" data-widget_type=\"image.default\">\n\t\t\t\t\t\t\t\t\t\t\t\t\t\t\t<img decoding=\"async\" width=\"600\" height=\"750\" src=\"https:\/\/victoriagene.es\/wp-content\/uploads\/2026\/01\/C5A3559.webp\" class=\"attachment-large size-large wp-image-545\" alt=\"\" srcset=\"https:\/\/victoriagene.es\/wp-content\/uploads\/2026\/01\/C5A3559.webp 600w, https:\/\/victoriagene.es\/wp-content\/uploads\/2026\/01\/C5A3559-240x300.webp 240w\" sizes=\"(max-width: 600px) 100vw, 600px\" \/>\t\t\t\t\t\t\t\t\t\t\t\t\t\t\t<\/div>\n\t\t\t\t<\/div>\n\t\t\t\t\t<\/div>\n\t\t\t\t<\/div>\n\t\t<div class=\"wpr-jarallax elementor-element elementor-element-2c5d7c3 wpr-jarallax-yes e-flex e-con-boxed e-con e-parent\" speed-data=\"0.5\" bg-image=\"https:\/\/victoriagene.es\/wp-content\/uploads\/2026\/01\/C5A3943.webp\" scroll-effect=\"scroll\" data-id=\"2c5d7c3\" data-element_type=\"container\" data-e-type=\"container\" data-settings=\"{&quot;background_background&quot;:&quot;classic&quot;}\">\n\t\t\t\t\t<div class=\"e-con-inner\">\n\t\t\t\t<div class=\"elementor-element elementor-element-4c84a97 elementor-invisible elementor-widget elementor-widget-heading\" data-id=\"4c84a97\" data-element_type=\"widget\" data-e-type=\"widget\" data-settings=\"{&quot;_animation&quot;:&quot;fadeInUp&quot;}\" data-widget_type=\"heading.default\">\n\t\t\t\t\t<h2 class=\"elementor-heading-title elementor-size-default\">Your health is your greatest wealth<\/h2>\t\t\t\t<\/div>\n\t\t\t\t<div class=\"elementor-element elementor-element-a87135e elementor-align-center elementor-widget elementor-widget-button\" data-id=\"a87135e\" data-element_type=\"widget\" data-e-type=\"widget\" data-widget_type=\"button.default\">\n\t\t\t\t\t\t\t\t\t\t<a class=\"elementor-button elementor-button-link elementor-size-sm elementor-animation-shrink\" href=\"https:\/\/victoriagene.es\/en\/contact\/\">\n\t\t\t\t\t\t<span class=\"elementor-button-content-wrapper\">\n\t\t\t\t\t\t\t\t\t<span class=\"elementor-button-text\">Let&#039;s talk<\/span>\n\t\t\t\t\t<\/span>\n\t\t\t\t\t<\/a>\n\t\t\t\t\t\t\t\t<\/div>\n\t\t\t\t\t<\/div>\n\t\t\t\t<\/div>\n\t\t\t\t<\/div>","protected":false},"excerpt":{"rendered":"<p>Con\u00f3ceme un poco m\u00e1s Con\u00f3ceme un poco m\u00e1s Con\u00f3ceme un poco m\u00e1s Nac\u00ed en un peque\u00f1o pueblo de Mallorca. Crecer junto al mar, rodeada de naturaleza, marc\u00f3 profundamente mi manera de entender la vida, lo que me proporcion\u00f3 una profunda conexi\u00f3n y respeto hacia los ciclos de la vida. Me form\u00e9 como ceramista, en Granada y Creta, un arte que a\u00fan hoy sigue presente en m\u00ed como forma de expresi\u00f3n. Tras vivir en distintos lugares de Europa, y un largo viaje a Asia encontr\u00e9 mi verdadera vocaci\u00f3n, la terapia. Estudi\u00e9 masaje tailand\u00e9s a lo largo de varias estancias en Chiang Mai, Tailandia, y me form\u00e9 como profesora de yoga, en Rishikesh, India, incorporando la conciencia del movimiento y la respiraci\u00f3n al trabajo corporal. Al regresar a Espa\u00f1a, profundic\u00e9 mi formaci\u00f3n en Quiromasaje y Osteopat\u00eda. Esta visi\u00f3n integradora me llev\u00f3 a incorporar la nutrici\u00f3n como parte esencial de mi enfoque profesional, form\u00e1ndome como t\u00e9cnica en alimentaci\u00f3n en ISMET, Barcelona, Nutrici\u00f3n aplicada en cl\u00ednica y Experto en Microbiota, en la Escuela de Salud Integrativa de Madrid, completando mi formaci\u00f3n con especializaci\u00f3n en Fertilidad y Embarazo en el Instituto Roger de Ll\u00faria, Barcelona. M\u00e1s all\u00e1 de la formaci\u00f3n, mi camino personal ha marcado profundamente mi manera de acompa\u00f1ar. Tras un largo proceso de fertilidad, en el que finalmente fui madre a trav\u00e9s de ovodonaci\u00f3n, comprend\u00ed en primera persona lo que significa sostener procesos largos, complejos y profundamente transformadores. Actualmente vivo de nuevo en Mallorca, a donde me trajo mi hijo de vuelta. Desde aqu\u00ed acompa\u00f1o a otras personas desde una mirada cercana, respetuosa y comprometida, integrando experiencia profesional, formaci\u00f3n y vivencia personal. Tu salud es tu mayor riqueza Hablemos<\/p>","protected":false},"author":1,"featured_media":549,"parent":0,"menu_order":0,"comment_status":"closed","ping_status":"closed","template":"","meta":{"footnotes":""},"class_list":["post-613","page","type-page","status-publish","has-post-thumbnail","hentry"],"yoast_head":"<!-- This site is optimized with the Yoast SEO plugin v27.0 - https:\/\/yoast.com\/product\/yoast-seo-wordpress\/ -->\n<title>Sobre m\u00ed - Victoria Gene<\/title>\n<meta name=\"description\" content=\"Soy Victoria Gen\u00e9, terapeuta en salud integrativa en Mallorca. Mi trayectoria une la sabidur\u00eda oriental del yoga y el masaje con la nutrici\u00f3n cl\u00ednica y la osteopat\u00eda. Conoce mi historia y mi m\u00e9todo de trabajo.\" \/>\n<meta name=\"robots\" content=\"index, follow, max-snippet:-1, max-image-preview:large, max-video-preview:-1\" \/>\n<link rel=\"canonical\" href=\"https:\/\/victoriagene.es\/en\/about-me\/\" \/>\n<meta property=\"og:locale\" content=\"en_GB\" \/>\n<meta property=\"og:type\" content=\"article\" \/>\n<meta property=\"og:title\" content=\"Sobre m\u00ed - Victoria Gene\" \/>\n<meta property=\"og:description\" content=\"Soy Victoria Gen\u00e9, terapeuta en salud integrativa en Mallorca. Mi trayectoria une la sabidur\u00eda oriental del yoga y el masaje con la nutrici\u00f3n cl\u00ednica y la osteopat\u00eda. Conoce mi historia y mi m\u00e9todo de trabajo.\" \/>\n<meta property=\"og:url\" content=\"https:\/\/victoriagene.es\/en\/about-me\/\" \/>\n<meta property=\"og:site_name\" content=\"Victoria Gene\" \/>\n<meta property=\"article:modified_time\" content=\"2026-02-20T11:55:23+00:00\" \/>\n<meta property=\"og:image\" content=\"https:\/\/victoriagene.es\/wp-content\/uploads\/2026\/01\/C5A3772.webp\" \/>\n\t<meta property=\"og:image:width\" content=\"600\" \/>\n\t<meta property=\"og:image:height\" content=\"750\" \/>\n\t<meta property=\"og:image:type\" content=\"image\/webp\" \/>\n<meta name=\"twitter:card\" content=\"summary_large_image\" \/>\n<meta name=\"twitter:label1\" content=\"Estimated reading time\" \/>\n\t<meta name=\"twitter:data1\" content=\"2 minutes\" \/>\n<script type=\"application\/ld+json\" class=\"yoast-schema-graph\">{\"@context\":\"https:\/\/schema.org\",\"@graph\":[{\"@type\":\"WebPage\",\"@id\":\"https:\/\/victoriagene.es\/sobre-mi\/\",\"url\":\"https:\/\/victoriagene.es\/sobre-mi\/\",\"name\":\"Sobre m\u00ed - Victoria Gene\",\"isPartOf\":{\"@id\":\"https:\/\/victoriagene.es\/#website\"},\"primaryImageOfPage\":{\"@id\":\"https:\/\/victoriagene.es\/sobre-mi\/#primaryimage\"},\"image\":{\"@id\":\"https:\/\/victoriagene.es\/sobre-mi\/#primaryimage\"},\"thumbnailUrl\":\"https:\/\/victoriagene.es\/wp-content\/uploads\/2026\/01\/C5A3772.webp\",\"datePublished\":\"2026-01-20T13:44:45+00:00\",\"dateModified\":\"2026-02-20T11:55:23+00:00\",\"description\":\"Soy Victoria Gen\u00e9, terapeuta en salud integrativa en Mallorca. Mi trayectoria une la sabidur\u00eda oriental del yoga y el masaje con la nutrici\u00f3n cl\u00ednica y la osteopat\u00eda. Conoce mi historia y mi m\u00e9todo de trabajo.\",\"breadcrumb\":{\"@id\":\"https:\/\/victoriagene.es\/sobre-mi\/#breadcrumb\"},\"inLanguage\":\"en-GB\",\"potentialAction\":[{\"@type\":\"ReadAction\",\"target\":[\"https:\/\/victoriagene.es\/sobre-mi\/\"]}]},{\"@type\":\"ImageObject\",\"inLanguage\":\"en-GB\",\"@id\":\"https:\/\/victoriagene.es\/sobre-mi\/#primaryimage\",\"url\":\"https:\/\/victoriagene.es\/wp-content\/uploads\/2026\/01\/C5A3772.webp\",\"contentUrl\":\"https:\/\/victoriagene.es\/wp-content\/uploads\/2026\/01\/C5A3772.webp\",\"width\":600,\"height\":750},{\"@type\":\"BreadcrumbList\",\"@id\":\"https:\/\/victoriagene.es\/sobre-mi\/#breadcrumb\",\"itemListElement\":[{\"@type\":\"ListItem\",\"position\":1,\"name\":\"Portada\",\"item\":\"https:\/\/victoriagene.es\/\"},{\"@type\":\"ListItem\",\"position\":2,\"name\":\"Sobre m\u00ed\"}]},{\"@type\":\"WebSite\",\"@id\":\"https:\/\/victoriagene.es\/#website\",\"url\":\"https:\/\/victoriagene.es\/\",\"name\":\"Victoria Gen\u00e9\",\"description\":\"Salud integrativa\",\"publisher\":{\"@id\":\"https:\/\/victoriagene.es\/#organization\"},\"potentialAction\":[{\"@type\":\"SearchAction\",\"target\":{\"@type\":\"EntryPoint\",\"urlTemplate\":\"https:\/\/victoriagene.es\/?s={search_term_string}\"},\"query-input\":{\"@type\":\"PropertyValueSpecification\",\"valueRequired\":true,\"valueName\":\"search_term_string\"}}],\"inLanguage\":\"en-GB\"},{\"@type\":\"Organization\",\"@id\":\"https:\/\/victoriagene.es\/#organization\",\"name\":\"Victoria Gen\u00e9\",\"url\":\"https:\/\/victoriagene.es\/\",\"logo\":{\"@type\":\"ImageObject\",\"inLanguage\":\"en-GB\",\"@id\":\"https:\/\/victoriagene.es\/#\/schema\/logo\/image\/\",\"url\":\"https:\/\/victoriagene.es\/wp-content\/uploads\/2026\/01\/icono.webp\",\"contentUrl\":\"https:\/\/victoriagene.es\/wp-content\/uploads\/2026\/01\/icono.webp\",\"width\":250,\"height\":250,\"caption\":\"Victoria Gen\u00e9\"},\"image\":{\"@id\":\"https:\/\/victoriagene.es\/#\/schema\/logo\/image\/\"}}]}<\/script>\n<!-- \/ Yoast SEO plugin. -->","yoast_head_json":{"title":"About me - Victoria Gene","description":"I&#039;m Victoria Gen\u00e9, an integrative health therapist in Mallorca. My practice combines the Eastern wisdom of yoga and massage with clinical nutrition and osteopathy. Learn about my story and my approach.","robots":{"index":"index","follow":"follow","max-snippet":"max-snippet:-1","max-image-preview":"max-image-preview:large","max-video-preview":"max-video-preview:-1"},"canonical":"https:\/\/victoriagene.es\/en\/about-me\/","og_locale":"en_GB","og_type":"article","og_title":"Sobre m\u00ed - Victoria Gene","og_description":"Soy Victoria Gen\u00e9, terapeuta en salud integrativa en Mallorca. Mi trayectoria une la sabidur\u00eda oriental del yoga y el masaje con la nutrici\u00f3n cl\u00ednica y la osteopat\u00eda. Conoce mi historia y mi m\u00e9todo de trabajo.","og_url":"https:\/\/victoriagene.es\/en\/about-me\/","og_site_name":"Victoria Gene","article_modified_time":"2026-02-20T11:55:23+00:00","og_image":[{"width":600,"height":750,"url":"https:\/\/victoriagene.es\/wp-content\/uploads\/2026\/01\/C5A3772.webp","type":"image\/webp"}],"twitter_card":"summary_large_image","twitter_misc":{"Estimated reading time":"2 minutes"},"schema":{"@context":"https:\/\/schema.org","@graph":[{"@type":"WebPage","@id":"https:\/\/victoriagene.es\/sobre-mi\/","url":"https:\/\/victoriagene.es\/sobre-mi\/","name":"About me - Victoria Gene","isPartOf":{"@id":"https:\/\/victoriagene.es\/#website"},"primaryImageOfPage":{"@id":"https:\/\/victoriagene.es\/sobre-mi\/#primaryimage"},"image":{"@id":"https:\/\/victoriagene.es\/sobre-mi\/#primaryimage"},"thumbnailUrl":"https:\/\/victoriagene.es\/wp-content\/uploads\/2026\/01\/C5A3772.webp","datePublished":"2026-01-20T13:44:45+00:00","dateModified":"2026-02-20T11:55:23+00:00","description":"I&#039;m Victoria Gen\u00e9, an integrative health therapist in Mallorca. My practice combines the Eastern wisdom of yoga and massage with clinical nutrition and osteopathy. Learn about my story and my approach.","breadcrumb":{"@id":"https:\/\/victoriagene.es\/sobre-mi\/#breadcrumb"},"inLanguage":"en-GB","potentialAction":[{"@type":"ReadAction","target":["https:\/\/victoriagene.es\/sobre-mi\/"]}]},{"@type":"ImageObject","inLanguage":"en-GB","@id":"https:\/\/victoriagene.es\/sobre-mi\/#primaryimage","url":"https:\/\/victoriagene.es\/wp-content\/uploads\/2026\/01\/C5A3772.webp","contentUrl":"https:\/\/victoriagene.es\/wp-content\/uploads\/2026\/01\/C5A3772.webp","width":600,"height":750},{"@type":"BreadcrumbList","@id":"https:\/\/victoriagene.es\/sobre-mi\/#breadcrumb","itemListElement":[{"@type":"ListItem","position":1,"name":"Portada","item":"https:\/\/victoriagene.es\/"},{"@type":"ListItem","position":2,"name":"Sobre m\u00ed"}]},{"@type":"WebSite","@id":"https:\/\/victoriagene.es\/#website","url":"https:\/\/victoriagene.es\/","name":"Victoria Gen\u00e9","description":"Integrative health","publisher":{"@id":"https:\/\/victoriagene.es\/#organization"},"potentialAction":[{"@type":"SearchAction","target":{"@type":"EntryPoint","urlTemplate":"https:\/\/victoriagene.es\/?s={search_term_string}"},"query-input":{"@type":"PropertyValueSpecification","valueRequired":true,"valueName":"search_term_string"}}],"inLanguage":"en-GB"},{"@type":"Organization","@id":"https:\/\/victoriagene.es\/#organization","name":"Victoria Gen\u00e9","url":"https:\/\/victoriagene.es\/","logo":{"@type":"ImageObject","inLanguage":"en-GB","@id":"https:\/\/victoriagene.es\/#\/schema\/logo\/image\/","url":"https:\/\/victoriagene.es\/wp-content\/uploads\/2026\/01\/icono.webp","contentUrl":"https:\/\/victoriagene.es\/wp-content\/uploads\/2026\/01\/icono.webp","width":250,"height":250,"caption":"Victoria Gen\u00e9"},"image":{"@id":"https:\/\/victoriagene.es\/#\/schema\/logo\/image\/"}}]}},"_links":{"self":[{"href":"https:\/\/victoriagene.es\/en\/wp-json\/wp\/v2\/pages\/613","targetHints":{"allow":["GET"]}}],"collection":[{"href":"https:\/\/victoriagene.es\/en\/wp-json\/wp\/v2\/pages"}],"about":[{"href":"https:\/\/victoriagene.es\/en\/wp-json\/wp\/v2\/types\/page"}],"author":[{"embeddable":true,"href":"https:\/\/victoriagene.es\/en\/wp-json\/wp\/v2\/users\/1"}],"replies":[{"embeddable":true,"href":"https:\/\/victoriagene.es\/en\/wp-json\/wp\/v2\/comments?post=613"}],"version-history":[{"count":130,"href":"https:\/\/victoriagene.es\/en\/wp-json\/wp\/v2\/pages\/613\/revisions"}],"predecessor-version":[{"id":1731,"href":"https:\/\/victoriagene.es\/en\/wp-json\/wp\/v2\/pages\/613\/revisions\/1731"}],"wp:featuredmedia":[{"embeddable":true,"href":"https:\/\/victoriagene.es\/en\/wp-json\/wp\/v2\/media\/549"}],"wp:attachment":[{"href":"https:\/\/victoriagene.es\/en\/wp-json\/wp\/v2\/media?parent=613"}],"curies":[{"name":"wp","href":"https:\/\/api.w.org\/{rel}","templated":true}]}}