{"id":462,"date":"2026-01-20T12:10:26","date_gmt":"2026-01-20T11:10:26","guid":{"rendered":"https:\/\/victoriagene.es\/?page_id=462"},"modified":"2026-02-20T08:58:56","modified_gmt":"2026-02-20T07:58:56","slug":"contact","status":"publish","type":"page","link":"https:\/\/victoriagene.es\/en\/contact\/","title":{"rendered":"Contact"},"content":{"rendered":"\t\t<div data-elementor-type=\"wp-post\" data-elementor-id=\"462\" class=\"elementor elementor-462\" data-elementor-post-type=\"page\">\n\t\t\t\t<div class=\"elementor-element elementor-element-e474642 e-flex e-con-boxed wpr-jarallax-no e-con e-parent\" data-id=\"e474642\" data-element_type=\"container\" data-e-type=\"container\">\n\t\t\t\t\t<div class=\"e-con-inner\">\n\t\t<div class=\"elementor-element elementor-element-0e7d5d5 e-con-full e-flex wpr-jarallax-no e-con e-child\" data-id=\"0e7d5d5\" data-element_type=\"container\" data-e-type=\"container\">\n\t\t\t\t<div class=\"elementor-element elementor-element-6c0219d elementor-invisible elementor-widget elementor-widget-heading\" data-id=\"6c0219d\" data-element_type=\"widget\" data-e-type=\"widget\" data-settings=\"{&quot;_animation&quot;:&quot;fadeInUp&quot;}\" data-widget_type=\"heading.default\">\n\t\t\t\t\t<h2 class=\"elementor-heading-title elementor-size-default\">Contacto<\/h2>\t\t\t\t<\/div>\n\t\t\t\t<div class=\"elementor-element elementor-element-f9089d9 elementor-widget elementor-widget-text-editor\" data-id=\"f9089d9\" data-element_type=\"widget\" data-e-type=\"widget\" data-widget_type=\"text-editor.default\">\n\t\t\t\t\t\t\t\t\t<p>Empieza a cuidarte por dentro y por fuera. Estoy aqu\u00ed para acompa\u00f1arte hacia tu equilibrio.<\/p>\t\t\t\t\t\t\t\t<\/div>\n\t\t\t\t<div class=\"elementor-element elementor-element-d84729e elementor-button-align-stretch elementor-widget elementor-widget-form\" data-id=\"d84729e\" data-element_type=\"widget\" data-e-type=\"widget\" data-settings=\"{&quot;step_next_label&quot;:&quot;Next&quot;,&quot;step_previous_label&quot;:&quot;Previous&quot;,&quot;button_width&quot;:&quot;100&quot;,&quot;step_type&quot;:&quot;number_text&quot;,&quot;step_icon_shape&quot;:&quot;circle&quot;}\" data-widget_type=\"form.default\">\n\t\t\t\t\t\t\t<form class=\"elementor-form\" method=\"post\" name=\"New Form\" aria-label=\"New Form\">\n\t\t\t<input type=\"hidden\" name=\"post_id\" value=\"462\"\/>\n\t\t\t<input type=\"hidden\" name=\"form_id\" value=\"d84729e\"\/>\n\t\t\t<input type=\"hidden\" name=\"referer_title\" value=\"Victoria Gene\" \/>\n\n\t\t\t\n\t\t\t<div class=\"elementor-form-fields-wrapper elementor-labels-above\">\n\t\t\t\t\t\t\t\t<div class=\"elementor-field-type-text elementor-field-group elementor-column elementor-field-group-name elementor-col-100\">\n\t\t\t\t\t\t\t\t\t\t\t\t\t<input size=\"1\" type=\"text\" name=\"form_fields[name]\" id=\"form-field-name\" class=\"elementor-field elementor-size-sm  elementor-field-textual\" placeholder=\"Nombre\">\n\t\t\t\t\t\t\t\t\t\t\t<\/div>\n\t\t\t\t\t\t\t\t<div class=\"elementor-field-type-email elementor-field-group elementor-column elementor-field-group-email elementor-col-100 elementor-field-required\">\n\t\t\t\t\t\t\t\t\t\t\t\t\t<input size=\"1\" type=\"email\" name=\"form_fields[email]\" id=\"form-field-email\" class=\"elementor-field elementor-size-sm  elementor-field-textual\" placeholder=\"Email\" required=\"required\">\n\t\t\t\t\t\t\t\t\t\t\t<\/div>\n\t\t\t\t\t\t\t\t<div class=\"elementor-field-type-textarea elementor-field-group elementor-column elementor-field-group-message elementor-col-100\">\n\t\t\t\t\t<textarea class=\"elementor-field-textual elementor-field  elementor-size-sm\" name=\"form_fields[message]\" id=\"form-field-message\" rows=\"4\" placeholder=\"Mensaje\"><\/textarea>\t\t\t\t<\/div>\n\t\t\t\t\t\t\t\t<div class=\"elementor-field-type-recaptcha_v3 elementor-field-group elementor-column elementor-field-group-field_a3df7d2 elementor-col-100 recaptcha_v3-bottomright\">\n\t\t\t\t\t<div class=\"elementor-field\" id=\"form-field-field_a3df7d2\"><div class=\"elementor-g-recaptcha\" data-sitekey=\"6Lf19XQsAAAAAMiLgc5io0345QoMKkmkaubj-bGi\" data-type=\"v3\" data-action=\"Form\" data-badge=\"bottomright\" data-size=\"invisible\"><\/div><\/div>\t\t\t\t<\/div>\n\t\t\t\t\t\t\t\t<div class=\"elementor-field-type-acceptance elementor-field-group elementor-column elementor-field-group-field_111f068 elementor-col-100 elementor-field-required\">\n\t\t\t\t\t\t\t<div class=\"elementor-field-subgroup\">\n\t\t\t<span class=\"elementor-field-option\">\n\t\t\t\t<input type=\"checkbox\" name=\"form_fields[field_111f068]\" id=\"form-field-field_111f068\" class=\"elementor-field elementor-size-sm  elementor-acceptance-field\" required=\"required\">\n\t\t\t\t<label for=\"form-field-field_111f068\">He le\u00eddo y acepto la pol\u00edtica de privacidad de Victoria Gen\u00e9<\/label>\t\t\t<\/span>\n\t\t<\/div>\n\t\t\t\t\t\t<\/div>\n\t\t\t\t\t\t\t\t<div class=\"elementor-field-group elementor-column elementor-field-type-submit elementor-col-100 e-form__buttons\">\n\t\t\t\t\t<button class=\"elementor-button elementor-size-sm\" type=\"submit\">\n\t\t\t\t\t\t<span class=\"elementor-button-content-wrapper\">\n\t\t\t\t\t\t\t\t\t\t\t\t\t\t\t\t\t\t\t\t\t\t<span class=\"elementor-button-text\">Enviar<\/span>\n\t\t\t\t\t\t\t\t\t\t\t\t\t<\/span>\n\t\t\t\t\t<\/button>\n\t\t\t\t<\/div>\n\t\t\t<\/div>\n\t\t<\/form>\n\t\t\t\t\t\t<\/div>\n\t\t\t\t<div class=\"elementor-element elementor-element-b648c5f elementor-widget elementor-widget-text-editor\" data-id=\"b648c5f\" data-element_type=\"widget\" data-e-type=\"widget\" data-widget_type=\"text-editor.default\">\n\t\t\t\t\t\t\t\t\t<p>RESPONSABLE: Victoria Gen\u00e9 Gomis. PRINCIPAL: Env\u00edo de art\u00edculos del blog, novedades, as\u00ed como el aviso de nuevas actividades de car\u00e1cter comercial. LEGITIMACI\u00d3N: Consentimiento del interesado. DESTINATARIOS: No se ceder\u00e1n datos a terceros, salvo autorizaci\u00f3n expresa u obligaci\u00f3n legal. DERECHOS: Acceder, rectificar y suprimir los datos, portabilidad de los datos, limitaci\u00f3n u oposici\u00f3n a su tratamiento, transparencia y derecho a no ser objeto de decisiones automatizadas. INFORMACI\u00d3N ADICIONAL: Puede consultar la informaci\u00f3n adicional y detallada sobre nuestra Pol\u00edtica de Privacidad. Este sitio est\u00e1 protegido por reCAPTCHA y se aplican la&nbsp;<a href=\"https:\/\/policies.google.com\/privacy\">Pol\u00edtica de Privacidad<\/a>&nbsp;y los&nbsp;<a href=\"https:\/\/policies.google.com\/terms\">T\u00e9rminos de Servicio<\/a> de Google.<\/p>\t\t\t\t\t\t\t\t<\/div>\n\t\t\t\t<\/div>\n\t\t<div class=\"elementor-element elementor-element-07f332a e-con-full e-flex wpr-jarallax-no e-con e-child\" data-id=\"07f332a\" data-element_type=\"container\" data-e-type=\"container\">\n\t\t\t\t<div class=\"elementor-element elementor-element-15ff640 elementor-invisible elementor-widget elementor-widget-image\" data-id=\"15ff640\" data-element_type=\"widget\" data-e-type=\"widget\" data-settings=\"{&quot;_animation&quot;:&quot;fadeIn&quot;}\" data-widget_type=\"image.default\">\n\t\t\t\t\t\t\t\t\t\t\t\t\t\t\t<img fetchpriority=\"high\" decoding=\"async\" width=\"576\" height=\"720\" src=\"https:\/\/victoriagene.es\/wp-content\/uploads\/2026\/02\/1.contacto.webp\" class=\"attachment-large size-large wp-image-1367\" alt=\"\" srcset=\"https:\/\/victoriagene.es\/wp-content\/uploads\/2026\/02\/1.contacto.webp 576w, https:\/\/victoriagene.es\/wp-content\/uploads\/2026\/02\/1.contacto-240x300.webp 240w, https:\/\/victoriagene.es\/wp-content\/uploads\/2026\/02\/1.contacto-10x12.webp 10w\" sizes=\"(max-width: 576px) 100vw, 576px\" \/>\t\t\t\t\t\t\t\t\t\t\t\t\t\t\t<\/div>\n\t\t\t\t<\/div>\n\t\t\t\t\t<\/div>\n\t\t\t\t<\/div>\n\t\t<div class=\"elementor-element elementor-element-786cd23 e-con-full e-flex wpr-jarallax-no e-con e-parent\" data-id=\"786cd23\" data-element_type=\"container\" data-e-type=\"container\">\n\t\t\t\t<div class=\"elementor-element elementor-element-d82f2de elementor-widget elementor-widget-google_maps\" data-id=\"d82f2de\" data-element_type=\"widget\" data-e-type=\"widget\" data-widget_type=\"google_maps.default\">\n\t\t\t\t\t\t\t<div class=\"elementor-custom-embed\">\n\t\t\t<iframe loading=\"lazy\"\n\t\t\t\t\tsrc=\"https:\/\/maps.google.com\/maps?q=Cami%20dels%20Moliners%208C%2007002&#038;t=m&#038;z=14&#038;output=embed&#038;iwloc=near\"\n\t\t\t\t\ttitle=\"Cami dels Moliners 8C 07002\"\n\t\t\t\t\taria-label=\"Cami dels Moliners 8C 07002\"\n\t\t\t><\/iframe>\n\t\t<\/div>\n\t\t\t\t\t\t<\/div>\n\t\t\t\t<\/div>\n\t\t\t\t<\/div>\n\t\t","protected":false},"excerpt":{"rendered":"<p>Contacto Empieza a cuidarte por dentro y por fuera. Estoy aqu\u00ed para acompa\u00f1arte hacia tu equilibrio. RESPONSABLE: Victoria Gen\u00e9 Gomis. PRINCIPAL: Env\u00edo de art\u00edculos del blog, novedades, as\u00ed como el aviso de nuevas actividades de car\u00e1cter comercial. LEGITIMACI\u00d3N: Consentimiento del interesado. DESTINATARIOS: No se ceder\u00e1n datos a terceros, salvo autorizaci\u00f3n expresa u obligaci\u00f3n legal. DERECHOS: Acceder, rectificar y suprimir los datos, portabilidad de los datos, limitaci\u00f3n u oposici\u00f3n a su tratamiento, transparencia y derecho a no ser objeto de decisiones automatizadas. INFORMACI\u00d3N ADICIONAL: Puede consultar la informaci\u00f3n adicional y detallada sobre nuestra Pol\u00edtica de Privacidad. Este sitio est\u00e1 protegido por reCAPTCHA y se aplican la&nbsp;Pol\u00edtica de Privacidad&nbsp;y los&nbsp;T\u00e9rminos de Servicio de Google.<\/p>","protected":false},"author":1,"featured_media":0,"parent":0,"menu_order":0,"comment_status":"closed","ping_status":"closed","template":"","meta":{"footnotes":""},"class_list":["post-462","page","type-page","status-publish","hentry"],"yoast_head":"<!-- This site is optimized with the Yoast SEO plugin v27.0 - https:\/\/yoast.com\/product\/yoast-seo-wordpress\/ -->\n<title>Contacto - Victoria Gene<\/title>\n<meta name=\"description\" content=\"\u00bfTienes dudas sobre c\u00f3mo mejorar tu bienestar? Ponte en contacto conmigo. Resuelvo tus preguntas sobre salud integrativa, nutrici\u00f3n y masajes.\" \/>\n<meta name=\"robots\" content=\"index, follow, max-snippet:-1, max-image-preview:large, max-video-preview:-1\" \/>\n<link rel=\"canonical\" href=\"https:\/\/victoriagene.es\/en\/contact\/\" \/>\n<meta property=\"og:locale\" content=\"en_GB\" \/>\n<meta property=\"og:type\" content=\"article\" \/>\n<meta property=\"og:title\" content=\"Contacto - Victoria Gene\" \/>\n<meta property=\"og:description\" content=\"\u00bfTienes dudas sobre c\u00f3mo mejorar tu bienestar? Ponte en contacto conmigo. Resuelvo tus preguntas sobre salud integrativa, nutrici\u00f3n y masajes.\" \/>\n<meta property=\"og:url\" content=\"https:\/\/victoriagene.es\/en\/contact\/\" \/>\n<meta property=\"og:site_name\" content=\"Victoria Gene\" \/>\n<meta property=\"article:modified_time\" content=\"2026-02-20T07:58:56+00:00\" \/>\n<meta property=\"og:image\" content=\"https:\/\/victoriagene.es\/wp-content\/uploads\/2026\/02\/1.contacto.webp\" \/>\n\t<meta property=\"og:image:width\" content=\"576\" \/>\n\t<meta property=\"og:image:height\" content=\"720\" \/>\n\t<meta property=\"og:image:type\" content=\"image\/webp\" \/>\n<meta name=\"twitter:card\" content=\"summary_large_image\" \/>\n<meta name=\"twitter:label1\" content=\"Estimated reading time\" \/>\n\t<meta name=\"twitter:data1\" content=\"1 minute\" \/>\n<script type=\"application\/ld+json\" class=\"yoast-schema-graph\">{\"@context\":\"https:\/\/schema.org\",\"@graph\":[{\"@type\":\"WebPage\",\"@id\":\"https:\/\/victoriagene.es\/contacto\/\",\"url\":\"https:\/\/victoriagene.es\/contacto\/\",\"name\":\"Contacto - Victoria Gene\",\"isPartOf\":{\"@id\":\"https:\/\/victoriagene.es\/#website\"},\"primaryImageOfPage\":{\"@id\":\"https:\/\/victoriagene.es\/contacto\/#primaryimage\"},\"image\":{\"@id\":\"https:\/\/victoriagene.es\/contacto\/#primaryimage\"},\"thumbnailUrl\":\"https:\/\/victoriagene.es\/wp-content\/uploads\/2026\/02\/1.contacto.webp\",\"datePublished\":\"2026-01-20T11:10:26+00:00\",\"dateModified\":\"2026-02-20T07:58:56+00:00\",\"description\":\"\u00bfTienes dudas sobre c\u00f3mo mejorar tu bienestar? Ponte en contacto conmigo. Resuelvo tus preguntas sobre salud integrativa, nutrici\u00f3n y masajes.\",\"breadcrumb\":{\"@id\":\"https:\/\/victoriagene.es\/contacto\/#breadcrumb\"},\"inLanguage\":\"en-GB\",\"potentialAction\":[{\"@type\":\"ReadAction\",\"target\":[\"https:\/\/victoriagene.es\/contacto\/\"]}]},{\"@type\":\"ImageObject\",\"inLanguage\":\"en-GB\",\"@id\":\"https:\/\/victoriagene.es\/contacto\/#primaryimage\",\"url\":\"https:\/\/victoriagene.es\/wp-content\/uploads\/2026\/02\/1.contacto.webp\",\"contentUrl\":\"https:\/\/victoriagene.es\/wp-content\/uploads\/2026\/02\/1.contacto.webp\"},{\"@type\":\"BreadcrumbList\",\"@id\":\"https:\/\/victoriagene.es\/contacto\/#breadcrumb\",\"itemListElement\":[{\"@type\":\"ListItem\",\"position\":1,\"name\":\"Portada\",\"item\":\"https:\/\/victoriagene.es\/\"},{\"@type\":\"ListItem\",\"position\":2,\"name\":\"Contacto\"}]},{\"@type\":\"WebSite\",\"@id\":\"https:\/\/victoriagene.es\/#website\",\"url\":\"https:\/\/victoriagene.es\/\",\"name\":\"Victoria Gen\u00e9\",\"description\":\"Salud integrativa\",\"publisher\":{\"@id\":\"https:\/\/victoriagene.es\/#organization\"},\"potentialAction\":[{\"@type\":\"SearchAction\",\"target\":{\"@type\":\"EntryPoint\",\"urlTemplate\":\"https:\/\/victoriagene.es\/?s={search_term_string}\"},\"query-input\":{\"@type\":\"PropertyValueSpecification\",\"valueRequired\":true,\"valueName\":\"search_term_string\"}}],\"inLanguage\":\"en-GB\"},{\"@type\":\"Organization\",\"@id\":\"https:\/\/victoriagene.es\/#organization\",\"name\":\"Victoria Gen\u00e9\",\"url\":\"https:\/\/victoriagene.es\/\",\"logo\":{\"@type\":\"ImageObject\",\"inLanguage\":\"en-GB\",\"@id\":\"https:\/\/victoriagene.es\/#\/schema\/logo\/image\/\",\"url\":\"https:\/\/victoriagene.es\/wp-content\/uploads\/2026\/01\/icono.webp\",\"contentUrl\":\"https:\/\/victoriagene.es\/wp-content\/uploads\/2026\/01\/icono.webp\",\"width\":250,\"height\":250,\"caption\":\"Victoria Gen\u00e9\"},\"image\":{\"@id\":\"https:\/\/victoriagene.es\/#\/schema\/logo\/image\/\"}}]}<\/script>\n<!-- \/ Yoast SEO plugin. -->","yoast_head_json":{"title":"Contact - Victoria Gene","description":"Do you have questions about how to improve your well-being? Get in touch with me. I answer your questions about integrative health, nutrition, and massage.","robots":{"index":"index","follow":"follow","max-snippet":"max-snippet:-1","max-image-preview":"max-image-preview:large","max-video-preview":"max-video-preview:-1"},"canonical":"https:\/\/victoriagene.es\/en\/contact\/","og_locale":"en_GB","og_type":"article","og_title":"Contacto - Victoria Gene","og_description":"\u00bfTienes dudas sobre c\u00f3mo mejorar tu bienestar? Ponte en contacto conmigo. Resuelvo tus preguntas sobre salud integrativa, nutrici\u00f3n y masajes.","og_url":"https:\/\/victoriagene.es\/en\/contact\/","og_site_name":"Victoria Gene","article_modified_time":"2026-02-20T07:58:56+00:00","og_image":[{"width":576,"height":720,"url":"https:\/\/victoriagene.es\/wp-content\/uploads\/2026\/02\/1.contacto.webp","type":"image\/webp"}],"twitter_card":"summary_large_image","twitter_misc":{"Estimated reading time":"1 minute"},"schema":{"@context":"https:\/\/schema.org","@graph":[{"@type":"WebPage","@id":"https:\/\/victoriagene.es\/contacto\/","url":"https:\/\/victoriagene.es\/contacto\/","name":"Contact - Victoria Gene","isPartOf":{"@id":"https:\/\/victoriagene.es\/#website"},"primaryImageOfPage":{"@id":"https:\/\/victoriagene.es\/contacto\/#primaryimage"},"image":{"@id":"https:\/\/victoriagene.es\/contacto\/#primaryimage"},"thumbnailUrl":"https:\/\/victoriagene.es\/wp-content\/uploads\/2026\/02\/1.contacto.webp","datePublished":"2026-01-20T11:10:26+00:00","dateModified":"2026-02-20T07:58:56+00:00","description":"Do you have questions about how to improve your well-being? Get in touch with me. I answer your questions about integrative health, nutrition, and massage.","breadcrumb":{"@id":"https:\/\/victoriagene.es\/contacto\/#breadcrumb"},"inLanguage":"en-GB","potentialAction":[{"@type":"ReadAction","target":["https:\/\/victoriagene.es\/contacto\/"]}]},{"@type":"ImageObject","inLanguage":"en-GB","@id":"https:\/\/victoriagene.es\/contacto\/#primaryimage","url":"https:\/\/victoriagene.es\/wp-content\/uploads\/2026\/02\/1.contacto.webp","contentUrl":"https:\/\/victoriagene.es\/wp-content\/uploads\/2026\/02\/1.contacto.webp"},{"@type":"BreadcrumbList","@id":"https:\/\/victoriagene.es\/contacto\/#breadcrumb","itemListElement":[{"@type":"ListItem","position":1,"name":"Portada","item":"https:\/\/victoriagene.es\/"},{"@type":"ListItem","position":2,"name":"Contacto"}]},{"@type":"WebSite","@id":"https:\/\/victoriagene.es\/#website","url":"https:\/\/victoriagene.es\/","name":"Victoria Gen\u00e9","description":"Integrative health","publisher":{"@id":"https:\/\/victoriagene.es\/#organization"},"potentialAction":[{"@type":"SearchAction","target":{"@type":"EntryPoint","urlTemplate":"https:\/\/victoriagene.es\/?s={search_term_string}"},"query-input":{"@type":"PropertyValueSpecification","valueRequired":true,"valueName":"search_term_string"}}],"inLanguage":"en-GB"},{"@type":"Organization","@id":"https:\/\/victoriagene.es\/#organization","name":"Victoria Gen\u00e9","url":"https:\/\/victoriagene.es\/","logo":{"@type":"ImageObject","inLanguage":"en-GB","@id":"https:\/\/victoriagene.es\/#\/schema\/logo\/image\/","url":"https:\/\/victoriagene.es\/wp-content\/uploads\/2026\/01\/icono.webp","contentUrl":"https:\/\/victoriagene.es\/wp-content\/uploads\/2026\/01\/icono.webp","width":250,"height":250,"caption":"Victoria Gen\u00e9"},"image":{"@id":"https:\/\/victoriagene.es\/#\/schema\/logo\/image\/"}}]}},"_links":{"self":[{"href":"https:\/\/victoriagene.es\/en\/wp-json\/wp\/v2\/pages\/462","targetHints":{"allow":["GET"]}}],"collection":[{"href":"https:\/\/victoriagene.es\/en\/wp-json\/wp\/v2\/pages"}],"about":[{"href":"https:\/\/victoriagene.es\/en\/wp-json\/wp\/v2\/types\/page"}],"author":[{"embeddable":true,"href":"https:\/\/victoriagene.es\/en\/wp-json\/wp\/v2\/users\/1"}],"replies":[{"embeddable":true,"href":"https:\/\/victoriagene.es\/en\/wp-json\/wp\/v2\/comments?post=462"}],"version-history":[{"count":146,"href":"https:\/\/victoriagene.es\/en\/wp-json\/wp\/v2\/pages\/462\/revisions"}],"predecessor-version":[{"id":1648,"href":"https:\/\/victoriagene.es\/en\/wp-json\/wp\/v2\/pages\/462\/revisions\/1648"}],"wp:attachment":[{"href":"https:\/\/victoriagene.es\/en\/wp-json\/wp\/v2\/media?parent=462"}],"curies":[{"name":"wp","href":"https:\/\/api.w.org\/{rel}","templated":true}]}}