{"id":1289,"date":"2026-02-17T14:08:16","date_gmt":"2026-02-17T13:08:16","guid":{"rendered":"https:\/\/victoriagene.es\/?page_id=1289"},"modified":"2026-02-20T13:23:27","modified_gmt":"2026-02-20T12:23:27","slug":"blog","status":"publish","type":"page","link":"https:\/\/victoriagene.es\/en\/blog\/","title":{"rendered":"Blog"},"content":{"rendered":"<div data-elementor-type=\"wp-post\" data-elementor-id=\"1289\" class=\"elementor elementor-1289\" data-elementor-post-type=\"page\">\n\t\t\t\t<div class=\"elementor-element elementor-element-23958af e-con-full e-flex wpr-jarallax-no e-con e-parent\" data-id=\"23958af\" data-element_type=\"container\" data-e-type=\"container\" data-settings=\"{&quot;background_background&quot;:&quot;classic&quot;}\">\n\t\t<div class=\"elementor-element elementor-element-db6273e e-con-full e-flex wpr-jarallax-no e-con e-child\" data-id=\"db6273e\" data-element_type=\"container\" data-e-type=\"container\">\n\t\t\t\t<div class=\"elementor-element elementor-element-f9438e5 elementor-widget__width-initial elementor-invisible elementor-widget elementor-widget-heading\" data-id=\"f9438e5\" data-element_type=\"widget\" data-e-type=\"widget\" data-settings=\"{&quot;_animation&quot;:&quot;fadeInUp&quot;}\" data-widget_type=\"heading.default\">\n\t\t\t\t\t<h2 class=\"elementor-heading-title elementor-size-default\">Welcome to my blog<\/h2>\t\t\t\t<\/div>\n\t\t\t\t<\/div>\n\t\t\t\t<\/div>\n\t\t<div class=\"elementor-element elementor-element-2532d438 e-flex e-con-boxed wpr-jarallax-no e-con e-parent\" data-id=\"2532d438\" data-element_type=\"container\" data-e-type=\"container\" data-settings=\"{&quot;background_background&quot;:&quot;classic&quot;}\">\n\t\t\t\t\t<div class=\"e-con-inner\">\n\t\t\t\t<div class=\"elementor-element elementor-element-69325012 elementor-posts__hover-none elementor-posts--align-center elementor-grid-3 elementor-grid-tablet-2 elementor-grid-mobile-1 elementor-posts--thumbnail-top elementor-card-shadow-yes elementor-widget elementor-widget-posts\" data-id=\"69325012\" data-element_type=\"widget\" data-e-type=\"widget\" data-settings=\"{&quot;cards_row_gap&quot;:{&quot;unit&quot;:&quot;px&quot;,&quot;size&quot;:80,&quot;sizes&quot;:[]},&quot;cards_row_gap_tablet&quot;:{&quot;unit&quot;:&quot;px&quot;,&quot;size&quot;:71,&quot;sizes&quot;:[]},&quot;cards_row_gap_mobile&quot;:{&quot;unit&quot;:&quot;px&quot;,&quot;size&quot;:30,&quot;sizes&quot;:[]},&quot;cards_columns&quot;:&quot;3&quot;,&quot;cards_columns_tablet&quot;:&quot;2&quot;,&quot;cards_columns_mobile&quot;:&quot;1&quot;}\" data-widget_type=\"posts.cards\">\n\t\t\t\t<div class=\"elementor-widget-container\">\n\t\t\t\t\t\t\t<div class=\"elementor-posts-container elementor-posts elementor-posts--skin-cards elementor-grid\" role=\"list\">\n\t\t\t\t<article class=\"elementor-post elementor-grid-item post-1568 post type-post status-publish format-standard has-post-thumbnail hentry category-sin-categoria\" role=\"listitem\">\n\t\t\t<div class=\"elementor-post__card\">\n\t\t\t\t<a class=\"elementor-post__thumbnail__link\" href=\"https:\/\/victoriagene.es\/en\/2026\/02\/19\/why-is-the-anti-inflammatory-diet-so-popular-and-whats-behind-this-approach\/\" tabindex=\"-1\" ><div class=\"elementor-post__thumbnail\"><img fetchpriority=\"high\" decoding=\"async\" width=\"1920\" height=\"1280\" src=\"https:\/\/victoriagene.es\/wp-content\/uploads\/2026\/02\/blog.webp\" class=\"attachment-full size-full wp-image-1335\" alt=\"blog\" srcset=\"https:\/\/victoriagene.es\/wp-content\/uploads\/2026\/02\/blog.webp 1920w, https:\/\/victoriagene.es\/wp-content\/uploads\/2026\/02\/blog-300x200.webp 300w, https:\/\/victoriagene.es\/wp-content\/uploads\/2026\/02\/blog-1024x683.webp 1024w, https:\/\/victoriagene.es\/wp-content\/uploads\/2026\/02\/blog-768x512.webp 768w, https:\/\/victoriagene.es\/wp-content\/uploads\/2026\/02\/blog-1536x1024.webp 1536w, https:\/\/victoriagene.es\/wp-content\/uploads\/2026\/02\/blog-18x12.webp 18w\" sizes=\"(max-width: 1920px) 100vw, 1920px\" \/><\/div><\/a>\n\t\t\t\t<div class=\"elementor-post__text\">\n\t\t\t\t<h3 class=\"elementor-post__title\">\n\t\t\t<a href=\"https:\/\/victoriagene.es\/en\/2026\/02\/19\/why-is-the-anti-inflammatory-diet-so-popular-and-whats-behind-this-approach\/\" >\n\t\t\t\tAnti-inflammatory diet: why it&#039;s so trendy and what&#039;s behind this approach\t\t\t<\/a>\n\t\t<\/h3>\n\t\t\n\t\t<a class=\"elementor-post__read-more\" href=\"https:\/\/victoriagene.es\/en\/2026\/02\/19\/why-is-the-anti-inflammatory-diet-so-popular-and-whats-behind-this-approach\/\" aria-label=\"Read more about Dieta antiinflamatoria: por qu\u00e9 est\u00e1 tan de moda y qu\u00e9 hay detr\u00e1s de este enfoque\" tabindex=\"-1\" >\n\t\t\tRead more\t\t<\/a>\n\n\t\t\t\t<\/div>\n\t\t\t\t\t<\/div>\n\t\t<\/article>\n\t\t\t\t<\/div>\n\t\t\n\t\t\t\t\t\t<\/div>\n\t\t\t\t<\/div>\n\t\t\t\t\t<\/div>\n\t\t\t\t<\/div>\n\t\t\t\t<\/div>","protected":false},"excerpt":{"rendered":"<p>Welcome to my blog<\/p>","protected":false},"author":1,"featured_media":549,"parent":0,"menu_order":0,"comment_status":"closed","ping_status":"closed","template":"","meta":{"footnotes":""},"class_list":["post-1289","page","type-page","status-publish","has-post-thumbnail","hentry"],"yoast_head":"<!-- This site is optimized with the Yoast SEO plugin v27.0 - https:\/\/yoast.com\/product\/yoast-seo-wordpress\/ -->\n<title>Blog - Victoria Gene<\/title>\n<meta name=\"description\" content=\"Soy Victoria Gen\u00e9, terapeuta en salud integrativa en Mallorca. Mi trayectoria une la sabidur\u00eda oriental del yoga y el masaje con la nutrici\u00f3n cl\u00ednica y la osteopat\u00eda. Conoce mi historia y mi m\u00e9todo de trabajo.\" \/>\n<meta name=\"robots\" content=\"index, follow, max-snippet:-1, max-image-preview:large, max-video-preview:-1\" \/>\n<link rel=\"canonical\" href=\"https:\/\/victoriagene.es\/en\/blog\/\" \/>\n<meta property=\"og:locale\" content=\"en_GB\" \/>\n<meta property=\"og:type\" content=\"article\" \/>\n<meta property=\"og:title\" content=\"Blog - Victoria Gene\" \/>\n<meta property=\"og:description\" content=\"Soy Victoria Gen\u00e9, terapeuta en salud integrativa en Mallorca. Mi trayectoria une la sabidur\u00eda oriental del yoga y el masaje con la nutrici\u00f3n cl\u00ednica y la osteopat\u00eda. Conoce mi historia y mi m\u00e9todo de trabajo.\" \/>\n<meta property=\"og:url\" content=\"https:\/\/victoriagene.es\/en\/blog\/\" \/>\n<meta property=\"og:site_name\" content=\"Victoria Gene\" \/>\n<meta property=\"article:modified_time\" content=\"2026-02-20T12:23:27+00:00\" \/>\n<meta property=\"og:image\" content=\"https:\/\/victoriagene.es\/wp-content\/uploads\/2026\/01\/C5A3772.webp\" \/>\n\t<meta property=\"og:image:width\" content=\"600\" \/>\n\t<meta property=\"og:image:height\" content=\"750\" \/>\n\t<meta property=\"og:image:type\" content=\"image\/webp\" \/>\n<meta name=\"twitter:card\" content=\"summary_large_image\" \/>\n<meta name=\"twitter:label1\" content=\"Estimated reading time\" \/>\n\t<meta name=\"twitter:data1\" content=\"1 minute\" \/>\n<script type=\"application\/ld+json\" class=\"yoast-schema-graph\">{\"@context\":\"https:\/\/schema.org\",\"@graph\":[{\"@type\":\"WebPage\",\"@id\":\"https:\/\/victoriagene.es\/blog\/\",\"url\":\"https:\/\/victoriagene.es\/blog\/\",\"name\":\"Blog - Victoria Gene\",\"isPartOf\":{\"@id\":\"https:\/\/victoriagene.es\/#website\"},\"primaryImageOfPage\":{\"@id\":\"https:\/\/victoriagene.es\/blog\/#primaryimage\"},\"image\":{\"@id\":\"https:\/\/victoriagene.es\/blog\/#primaryimage\"},\"thumbnailUrl\":\"https:\/\/victoriagene.es\/wp-content\/uploads\/2026\/01\/C5A3772.webp\",\"datePublished\":\"2026-02-17T13:08:16+00:00\",\"dateModified\":\"2026-02-20T12:23:27+00:00\",\"description\":\"Soy Victoria Gen\u00e9, terapeuta en salud integrativa en Mallorca. Mi trayectoria une la sabidur\u00eda oriental del yoga y el masaje con la nutrici\u00f3n cl\u00ednica y la osteopat\u00eda. Conoce mi historia y mi m\u00e9todo de trabajo.\",\"breadcrumb\":{\"@id\":\"https:\/\/victoriagene.es\/blog\/#breadcrumb\"},\"inLanguage\":\"en-GB\",\"potentialAction\":[{\"@type\":\"ReadAction\",\"target\":[\"https:\/\/victoriagene.es\/blog\/\"]}]},{\"@type\":\"ImageObject\",\"inLanguage\":\"en-GB\",\"@id\":\"https:\/\/victoriagene.es\/blog\/#primaryimage\",\"url\":\"https:\/\/victoriagene.es\/wp-content\/uploads\/2026\/01\/C5A3772.webp\",\"contentUrl\":\"https:\/\/victoriagene.es\/wp-content\/uploads\/2026\/01\/C5A3772.webp\",\"width\":600,\"height\":750},{\"@type\":\"BreadcrumbList\",\"@id\":\"https:\/\/victoriagene.es\/blog\/#breadcrumb\",\"itemListElement\":[{\"@type\":\"ListItem\",\"position\":1,\"name\":\"Portada\",\"item\":\"https:\/\/victoriagene.es\/\"},{\"@type\":\"ListItem\",\"position\":2,\"name\":\"Blog\"}]},{\"@type\":\"WebSite\",\"@id\":\"https:\/\/victoriagene.es\/#website\",\"url\":\"https:\/\/victoriagene.es\/\",\"name\":\"Victoria Gen\u00e9\",\"description\":\"Salud integrativa\",\"publisher\":{\"@id\":\"https:\/\/victoriagene.es\/#organization\"},\"potentialAction\":[{\"@type\":\"SearchAction\",\"target\":{\"@type\":\"EntryPoint\",\"urlTemplate\":\"https:\/\/victoriagene.es\/?s={search_term_string}\"},\"query-input\":{\"@type\":\"PropertyValueSpecification\",\"valueRequired\":true,\"valueName\":\"search_term_string\"}}],\"inLanguage\":\"en-GB\"},{\"@type\":\"Organization\",\"@id\":\"https:\/\/victoriagene.es\/#organization\",\"name\":\"Victoria Gen\u00e9\",\"url\":\"https:\/\/victoriagene.es\/\",\"logo\":{\"@type\":\"ImageObject\",\"inLanguage\":\"en-GB\",\"@id\":\"https:\/\/victoriagene.es\/#\/schema\/logo\/image\/\",\"url\":\"https:\/\/victoriagene.es\/wp-content\/uploads\/2026\/01\/icono.webp\",\"contentUrl\":\"https:\/\/victoriagene.es\/wp-content\/uploads\/2026\/01\/icono.webp\",\"width\":250,\"height\":250,\"caption\":\"Victoria Gen\u00e9\"},\"image\":{\"@id\":\"https:\/\/victoriagene.es\/#\/schema\/logo\/image\/\"}}]}<\/script>\n<!-- \/ Yoast SEO plugin. -->","yoast_head_json":{"title":"Blog - Victoria Gene","description":"I&#039;m Victoria Gen\u00e9, an integrative health therapist in Mallorca. My practice combines the Eastern wisdom of yoga and massage with clinical nutrition and osteopathy. Learn about my story and my approach.","robots":{"index":"index","follow":"follow","max-snippet":"max-snippet:-1","max-image-preview":"max-image-preview:large","max-video-preview":"max-video-preview:-1"},"canonical":"https:\/\/victoriagene.es\/en\/blog\/","og_locale":"en_GB","og_type":"article","og_title":"Blog - Victoria Gene","og_description":"Soy Victoria Gen\u00e9, terapeuta en salud integrativa en Mallorca. Mi trayectoria une la sabidur\u00eda oriental del yoga y el masaje con la nutrici\u00f3n cl\u00ednica y la osteopat\u00eda. Conoce mi historia y mi m\u00e9todo de trabajo.","og_url":"https:\/\/victoriagene.es\/en\/blog\/","og_site_name":"Victoria Gene","article_modified_time":"2026-02-20T12:23:27+00:00","og_image":[{"width":600,"height":750,"url":"https:\/\/victoriagene.es\/wp-content\/uploads\/2026\/01\/C5A3772.webp","type":"image\/webp"}],"twitter_card":"summary_large_image","twitter_misc":{"Estimated reading time":"1 minute"},"schema":{"@context":"https:\/\/schema.org","@graph":[{"@type":"WebPage","@id":"https:\/\/victoriagene.es\/blog\/","url":"https:\/\/victoriagene.es\/blog\/","name":"Blog - Victoria Gene","isPartOf":{"@id":"https:\/\/victoriagene.es\/#website"},"primaryImageOfPage":{"@id":"https:\/\/victoriagene.es\/blog\/#primaryimage"},"image":{"@id":"https:\/\/victoriagene.es\/blog\/#primaryimage"},"thumbnailUrl":"https:\/\/victoriagene.es\/wp-content\/uploads\/2026\/01\/C5A3772.webp","datePublished":"2026-02-17T13:08:16+00:00","dateModified":"2026-02-20T12:23:27+00:00","description":"I&#039;m Victoria Gen\u00e9, an integrative health therapist in Mallorca. My practice combines the Eastern wisdom of yoga and massage with clinical nutrition and osteopathy. Learn about my story and my approach.","breadcrumb":{"@id":"https:\/\/victoriagene.es\/blog\/#breadcrumb"},"inLanguage":"en-GB","potentialAction":[{"@type":"ReadAction","target":["https:\/\/victoriagene.es\/blog\/"]}]},{"@type":"ImageObject","inLanguage":"en-GB","@id":"https:\/\/victoriagene.es\/blog\/#primaryimage","url":"https:\/\/victoriagene.es\/wp-content\/uploads\/2026\/01\/C5A3772.webp","contentUrl":"https:\/\/victoriagene.es\/wp-content\/uploads\/2026\/01\/C5A3772.webp","width":600,"height":750},{"@type":"BreadcrumbList","@id":"https:\/\/victoriagene.es\/blog\/#breadcrumb","itemListElement":[{"@type":"ListItem","position":1,"name":"Portada","item":"https:\/\/victoriagene.es\/"},{"@type":"ListItem","position":2,"name":"Blog"}]},{"@type":"WebSite","@id":"https:\/\/victoriagene.es\/#website","url":"https:\/\/victoriagene.es\/","name":"Victoria Gen\u00e9","description":"Integrative health","publisher":{"@id":"https:\/\/victoriagene.es\/#organization"},"potentialAction":[{"@type":"SearchAction","target":{"@type":"EntryPoint","urlTemplate":"https:\/\/victoriagene.es\/?s={search_term_string}"},"query-input":{"@type":"PropertyValueSpecification","valueRequired":true,"valueName":"search_term_string"}}],"inLanguage":"en-GB"},{"@type":"Organization","@id":"https:\/\/victoriagene.es\/#organization","name":"Victoria Gen\u00e9","url":"https:\/\/victoriagene.es\/","logo":{"@type":"ImageObject","inLanguage":"en-GB","@id":"https:\/\/victoriagene.es\/#\/schema\/logo\/image\/","url":"https:\/\/victoriagene.es\/wp-content\/uploads\/2026\/01\/icono.webp","contentUrl":"https:\/\/victoriagene.es\/wp-content\/uploads\/2026\/01\/icono.webp","width":250,"height":250,"caption":"Victoria Gen\u00e9"},"image":{"@id":"https:\/\/victoriagene.es\/#\/schema\/logo\/image\/"}}]}},"_links":{"self":[{"href":"https:\/\/victoriagene.es\/en\/wp-json\/wp\/v2\/pages\/1289","targetHints":{"allow":["GET"]}}],"collection":[{"href":"https:\/\/victoriagene.es\/en\/wp-json\/wp\/v2\/pages"}],"about":[{"href":"https:\/\/victoriagene.es\/en\/wp-json\/wp\/v2\/types\/page"}],"author":[{"embeddable":true,"href":"https:\/\/victoriagene.es\/en\/wp-json\/wp\/v2\/users\/1"}],"replies":[{"embeddable":true,"href":"https:\/\/victoriagene.es\/en\/wp-json\/wp\/v2\/comments?post=1289"}],"version-history":[{"count":51,"href":"https:\/\/victoriagene.es\/en\/wp-json\/wp\/v2\/pages\/1289\/revisions"}],"predecessor-version":[{"id":1742,"href":"https:\/\/victoriagene.es\/en\/wp-json\/wp\/v2\/pages\/1289\/revisions\/1742"}],"wp:featuredmedia":[{"embeddable":true,"href":"https:\/\/victoriagene.es\/en\/wp-json\/wp\/v2\/media\/549"}],"wp:attachment":[{"href":"https:\/\/victoriagene.es\/en\/wp-json\/wp\/v2\/media?parent=1289"}],"curies":[{"name":"wp","href":"https:\/\/api.w.org\/{rel}","templated":true}]}}